{"id":948,"date":"2018-12-28T09:17:08","date_gmt":"2018-12-28T07:17:08","guid":{"rendered":"https:\/\/pdo.cumhuriyet.edu.tr\/?page_id=948"},"modified":"2018-12-28T09:17:08","modified_gmt":"2018-12-28T07:17:08","slug":"afet-ve-acil-durum-yonetimi-baskanligi-afad","status":"publish","type":"page","link":"https:\/\/pdo.cumhuriyet.edu.tr\/?page_id=948","title":{"rendered":"Afet ve Acil Durum Y\u00f6netimi Ba\u015fkanl\u0131\u011f\u0131 (AFAD)"},"content":{"rendered":"<h3 id=\"yui_3_10_0_1_1545981367640_180\" class=\"title\"><a id=\"yui_3_10_0_1_1545981367640_179\" class=\" ac-algo fz-l ac-21th lh-24\" href=\"https:\/\/www.afad.gov.tr\/\" target=\"_blank\" rel=\"noopener\" data-49a=\"5c25cdb83c198\">Afet ve Acil Durum Y\u00f6netimi Ba\u015fkanl\u0131\u011f\u0131 (AFAD)<\/a><\/h3>\n<div><\/div>\n","protected":false},"excerpt":{"rendered":"<p>Afet ve Acil Durum Y\u00f6netimi Ba\u015fkanl\u0131\u011f\u0131 (AFAD)<\/p>\n","protected":false},"author":1,"featured_media":0,"parent":0,"menu_order":0,"comment_status":"closed","ping_status":"closed","template":"","meta":{"footnotes":""},"class_list":["post-948","page","type-page","status-publish","hentry"],"_links":{"self":[{"href":"https:\/\/pdo.cumhuriyet.edu.tr\/index.php?rest_route=\/wp\/v2\/pages\/948","targetHints":{"allow":["GET"]}}],"collection":[{"href":"https:\/\/pdo.cumhuriyet.edu.tr\/index.php?rest_route=\/wp\/v2\/pages"}],"about":[{"href":"https:\/\/pdo.cumhuriyet.edu.tr\/index.php?rest_route=\/wp\/v2\/types\/page"}],"author":[{"embeddable":true,"href":"https:\/\/pdo.cumhuriyet.edu.tr\/index.php?rest_route=\/wp\/v2\/users\/1"}],"replies":[{"embeddable":true,"href":"https:\/\/pdo.cumhuriyet.edu.tr\/index.php?rest_route=%2Fwp%2Fv2%2Fcomments&post=948"}],"version-history":[{"count":1,"href":"https:\/\/pdo.cumhuriyet.edu.tr\/index.php?rest_route=\/wp\/v2\/pages\/948\/revisions"}],"predecessor-version":[{"id":949,"href":"https:\/\/pdo.cumhuriyet.edu.tr\/index.php?rest_route=\/wp\/v2\/pages\/948\/revisions\/949"}],"wp:attachment":[{"href":"https:\/\/pdo.cumhuriyet.edu.tr\/index.php?rest_route=%2Fwp%2Fv2%2Fmedia&parent=948"}],"curies":[{"name":"wp","href":"https:\/\/api.w.org\/{rel}","templated":true}]}}