{"id":773,"date":"2018-07-30T11:24:20","date_gmt":"2018-07-30T08:24:20","guid":{"rendered":"https:\/\/pdo.cumhuriyet.edu.tr\/?page_id=773"},"modified":"2019-12-16T10:30:10","modified_gmt":"2019-12-16T08:30:10","slug":"ui-greenmetric","status":"publish","type":"page","link":"https:\/\/pdo.cumhuriyet.edu.tr\/?page_id=773","title":{"rendered":"UI GreenMetric"},"content":{"rendered":"<h3><a href=\"http:\/\/greenmetric.ui.ac.id\/\"><img loading=\"lazy\" decoding=\"async\" class=\" wp-image-774 alignleft\" src=\"https:\/\/pdo.cumhuriyet.edu.tr\/wp-content\/uploads\/ui-greenmetric_grande_bg_w.png\" alt=\"\" width=\"251\" height=\"220\" srcset=\"https:\/\/pdo.cumhuriyet.edu.tr\/wp-content\/uploads\/ui-greenmetric_grande_bg_w.png 429w, https:\/\/pdo.cumhuriyet.edu.tr\/wp-content\/uploads\/ui-greenmetric_grande_bg_w-300x263.png 300w, https:\/\/pdo.cumhuriyet.edu.tr\/wp-content\/uploads\/ui-greenmetric_grande_bg_w-110x96.png 110w, https:\/\/pdo.cumhuriyet.edu.tr\/wp-content\/uploads\/ui-greenmetric_grande_bg_w-420x368.png 420w\" sizes=\"auto, (max-width: 251px) 100vw, 251px\" \/><\/a><\/h3>\n<h3><a href=\"http:\/\/greenmetric.ui.ac.id\/overall-rankings-2019\/\">UI GreenMetric\u00a0 &#8211; World University Rankings<\/a><\/h3>\n<p>D\u00fcnya \u00fcniversiteleri kamp\u00fcslerinin ye\u015fil alanlar\u0131 indeksine g\u00f6re altyap\u0131, enerji, at\u0131k konular\u0131 s\u0131ralamas\u0131nda yer almak i\u00e7in \u00fcniversitemizin 2018 y\u0131l\u0131nda ba\u015fvuru yap\u0131p ilk kez s\u0131raya girdi\u011fi ve\u00a0 720 \u00fcniversite aras\u0131ndan 585. oldu\u011fu Green Metric s\u0131ralamas\u0131nda 2019 y\u0131l\u0131nda 101 basamak y\u00fckselerek 484. s\u0131raya y\u00fckselmi\u015ftir.<\/p>\n<p>Green Metric S\u0131ralamas\u0131 \u0130\u00e7in:\u00a0<a href=\"http:\/\/greenmetric.ui.ac.id\/overall-rankings-2019\/\">http:\/\/greenmetric.ui.ac.id\/overall-rankings-2019\/<\/a><\/p>\n","protected":false},"excerpt":{"rendered":"<p>UI GreenMetric\u00a0 &#8211; World University Rankings D\u00fcnya \u00fcniversiteleri kamp\u00fcslerinin ye\u015fil alanlar\u0131 indeksine g\u00f6re altyap\u0131, enerji, at\u0131k konular\u0131 s\u0131ralamas\u0131nda yer almak i\u00e7in \u00fcniversitemizin 2018 y\u0131l\u0131nda ba\u015fvuru yap\u0131p ilk kez s\u0131raya girdi\u011fi ve\u00a0 720 \u00fcniversite aras\u0131ndan 585. oldu\u011fu Green Metric s\u0131ralamas\u0131nda 2019 y\u0131l\u0131nda 101 basamak y\u00fckselerek 484. s\u0131raya y\u00fckselmi\u015ftir. Green Metric S\u0131ralamas\u0131 \u0130\u00e7in:\u00a0http:\/\/greenmetric.ui.ac.id\/overall-rankings-2019\/<\/p>\n","protected":false},"author":1,"featured_media":774,"parent":0,"menu_order":0,"comment_status":"open","ping_status":"closed","template":"","meta":{"footnotes":""},"class_list":["post-773","page","type-page","status-publish","has-post-thumbnail","hentry"],"_links":{"self":[{"href":"https:\/\/pdo.cumhuriyet.edu.tr\/index.php?rest_route=\/wp\/v2\/pages\/773","targetHints":{"allow":["GET"]}}],"collection":[{"href":"https:\/\/pdo.cumhuriyet.edu.tr\/index.php?rest_route=\/wp\/v2\/pages"}],"about":[{"href":"https:\/\/pdo.cumhuriyet.edu.tr\/index.php?rest_route=\/wp\/v2\/types\/page"}],"author":[{"embeddable":true,"href":"https:\/\/pdo.cumhuriyet.edu.tr\/index.php?rest_route=\/wp\/v2\/users\/1"}],"replies":[{"embeddable":true,"href":"https:\/\/pdo.cumhuriyet.edu.tr\/index.php?rest_route=%2Fwp%2Fv2%2Fcomments&post=773"}],"version-history":[{"count":13,"href":"https:\/\/pdo.cumhuriyet.edu.tr\/index.php?rest_route=\/wp\/v2\/pages\/773\/revisions"}],"predecessor-version":[{"id":1358,"href":"https:\/\/pdo.cumhuriyet.edu.tr\/index.php?rest_route=\/wp\/v2\/pages\/773\/revisions\/1358"}],"wp:featuredmedia":[{"embeddable":true,"href":"https:\/\/pdo.cumhuriyet.edu.tr\/index.php?rest_route=\/wp\/v2\/media\/774"}],"wp:attachment":[{"href":"https:\/\/pdo.cumhuriyet.edu.tr\/index.php?rest_route=%2Fwp%2Fv2%2Fmedia&parent=773"}],"curies":[{"name":"wp","href":"https:\/\/api.w.org\/{rel}","templated":true}]}}