{"id":715,"date":"2018-06-19T13:51:07","date_gmt":"2018-06-19T10:51:07","guid":{"rendered":"https:\/\/pdo.cumhuriyet.edu.tr\/?page_id=715"},"modified":"2021-06-26T00:03:57","modified_gmt":"2021-06-25T21:03:57","slug":"nature-index","status":"publish","type":"page","link":"https:\/\/pdo.cumhuriyet.edu.tr\/?page_id=715","title":{"rendered":"Nature Index"},"content":{"rendered":"<h2><a href=\"https:\/\/www.natureindex.com\/annual-tables\/2020\/institution\/academic\/all\/countries-Turkey\">Nature Index 2020 y\u0131l\u0131 T\u00fcrkiye S\u0131ralamas\u0131<\/a><\/h2>\n<h2><strong><a href=\"https:\/\/www.natureindex.com\/annual-tables\/2021\/institution\/all\/all\/countries-Turkey?fbclid=IwAR3m6a2LQ4riiDsbQXTbKB_HgsDtIxKsRjlm8cTmylbjj5VRnB8cJWBecdk\">Nature Index 2021 y\u0131l\u0131 T\u00fcrkiye S\u0131ralamas\u0131<\/a><\/strong><\/h2>\n","protected":false},"excerpt":{"rendered":"<p>Nature Index 2020 y\u0131l\u0131 T\u00fcrkiye S\u0131ralamas\u0131 Nature Index 2021 y\u0131l\u0131 T\u00fcrkiye S\u0131ralamas\u0131<\/p>\n","protected":false},"author":1,"featured_media":0,"parent":0,"menu_order":0,"comment_status":"closed","ping_status":"closed","template":"","meta":{"footnotes":""},"class_list":["post-715","page","type-page","status-publish","hentry"],"_links":{"self":[{"href":"https:\/\/pdo.cumhuriyet.edu.tr\/index.php?rest_route=\/wp\/v2\/pages\/715","targetHints":{"allow":["GET"]}}],"collection":[{"href":"https:\/\/pdo.cumhuriyet.edu.tr\/index.php?rest_route=\/wp\/v2\/pages"}],"about":[{"href":"https:\/\/pdo.cumhuriyet.edu.tr\/index.php?rest_route=\/wp\/v2\/types\/page"}],"author":[{"embeddable":true,"href":"https:\/\/pdo.cumhuriyet.edu.tr\/index.php?rest_route=\/wp\/v2\/users\/1"}],"replies":[{"embeddable":true,"href":"https:\/\/pdo.cumhuriyet.edu.tr\/index.php?rest_route=%2Fwp%2Fv2%2Fcomments&post=715"}],"version-history":[{"count":8,"href":"https:\/\/pdo.cumhuriyet.edu.tr\/index.php?rest_route=\/wp\/v2\/pages\/715\/revisions"}],"predecessor-version":[{"id":1947,"href":"https:\/\/pdo.cumhuriyet.edu.tr\/index.php?rest_route=\/wp\/v2\/pages\/715\/revisions\/1947"}],"wp:attachment":[{"href":"https:\/\/pdo.cumhuriyet.edu.tr\/index.php?rest_route=%2Fwp%2Fv2%2Fmedia&parent=715"}],"curies":[{"name":"wp","href":"https:\/\/api.w.org\/{rel}","templated":true}]}}