{"id":572,"date":"2018-04-18T15:32:20","date_gmt":"2018-04-18T12:32:20","guid":{"rendered":"https:\/\/pdo.cumhuriyet.edu.tr\/?page_id=572"},"modified":"2018-04-18T15:32:20","modified_gmt":"2018-04-18T12:32:20","slug":"kusip","status":"publish","type":"page","link":"https:\/\/pdo.cumhuriyet.edu.tr\/?page_id=572","title":{"rendered":"Kusip"},"content":{"rendered":"<p>Kamu \u00dcniversite Sanayi \u0130\u015fbirli\u011fi Portal\u0131<\/p>\n<p><a href=\"https:\/\/kusip.gov.tr\/kusip\/views\/portal\">Kusip.gov.tr<\/a><\/p>\n","protected":false},"excerpt":{"rendered":"<p>Kamu \u00dcniversite Sanayi \u0130\u015fbirli\u011fi Portal\u0131 Kusip.gov.tr<\/p>\n","protected":false},"author":1,"featured_media":0,"parent":0,"menu_order":0,"comment_status":"closed","ping_status":"closed","template":"","meta":{"footnotes":""},"class_list":["post-572","page","type-page","status-publish","hentry"],"_links":{"self":[{"href":"https:\/\/pdo.cumhuriyet.edu.tr\/index.php?rest_route=\/wp\/v2\/pages\/572","targetHints":{"allow":["GET"]}}],"collection":[{"href":"https:\/\/pdo.cumhuriyet.edu.tr\/index.php?rest_route=\/wp\/v2\/pages"}],"about":[{"href":"https:\/\/pdo.cumhuriyet.edu.tr\/index.php?rest_route=\/wp\/v2\/types\/page"}],"author":[{"embeddable":true,"href":"https:\/\/pdo.cumhuriyet.edu.tr\/index.php?rest_route=\/wp\/v2\/users\/1"}],"replies":[{"embeddable":true,"href":"https:\/\/pdo.cumhuriyet.edu.tr\/index.php?rest_route=%2Fwp%2Fv2%2Fcomments&post=572"}],"version-history":[{"count":1,"href":"https:\/\/pdo.cumhuriyet.edu.tr\/index.php?rest_route=\/wp\/v2\/pages\/572\/revisions"}],"predecessor-version":[{"id":573,"href":"https:\/\/pdo.cumhuriyet.edu.tr\/index.php?rest_route=\/wp\/v2\/pages\/572\/revisions\/573"}],"wp:attachment":[{"href":"https:\/\/pdo.cumhuriyet.edu.tr\/index.php?rest_route=%2Fwp%2Fv2%2Fmedia&parent=572"}],"curies":[{"name":"wp","href":"https:\/\/api.w.org\/{rel}","templated":true}]}}