{"id":395,"date":"2018-01-08T12:21:50","date_gmt":"2018-01-08T10:21:50","guid":{"rendered":"https:\/\/pdo.cumhuriyet.edu.tr\/?page_id=395"},"modified":"2022-02-17T14:32:11","modified_gmt":"2022-02-17T12:32:11","slug":"tarihce","status":"publish","type":"page","link":"https:\/\/pdo.cumhuriyet.edu.tr\/?page_id=395","title":{"rendered":"Tarih\u00e7e"},"content":{"rendered":"<p>Proje Koordinasyon Uygulama ve Ara\u015ft\u0131rma Merkez M\u00fcd\u00fcrl\u00fc\u011f\u00fc, Sivas Cumhuriyet \u00dcniversitesi Rekt\u00f6rl\u00fc\u011f\u00fc b\u00fcnyesinde Eyl\u00fcl 2012 tarihinde kurulmu\u015ftur. Eyl\u00fcl 2012 tarihinden A\u011fustos 2016 tarihine kadar ge\u00e7en s\u00fcrede Do\u00e7. Dr. Kerem YAPICI merkez m\u00fcd\u00fcr\u00fc olarak g\u00f6rev yapm\u0131\u015ft\u0131r. Daha sonra Merkez m\u00fcd\u00fcrl\u00fc\u011f\u00fcne 25.08.2016 tarihinde M\u00fchendislik Fak\u00fcltesi Jeoloji M\u00fchendisli\u011fi B\u00f6l\u00fcm\u00fc \u00d6\u011fretim \u00dcyesi Prof. Dr. Kaan \u015eevki KAVAK atanm\u0131\u015f olup bu g\u00f6revini 12.11.2021 tarihine kadar s\u00fcrd\u00fcrm\u00fc\u015ft\u00fcr. 12.11.2021-10.02.2022 tarihleri aras\u0131nda \u00d6\u011fr.G\u00f6r. Abdullah MISIRLIO\u011eLU Merkez sorumlulu\u011funu y\u00fcr\u00fctm\u00fc\u015ft\u00fcr. 10.02.2022 tarihinden sonra Merkez M\u00fcd\u00fcrl\u00fc\u011f\u00fcne Dr.\u00d6\u011fr.\u00dcyesi Sinan D\u00dcNDAR atanm\u0131\u015ft\u0131r. Merkeze ba\u011fl\u0131 olarak bir de Proje Destek Ofisi bulunmaktad\u0131rlar.<\/p>\n","protected":false},"excerpt":{"rendered":"<p>Proje Koordinasyon Uygulama ve Ara\u015ft\u0131rma Merkez M\u00fcd\u00fcrl\u00fc\u011f\u00fc, Sivas Cumhuriyet \u00dcniversitesi Rekt\u00f6rl\u00fc\u011f\u00fc b\u00fcnyesinde Eyl\u00fcl 2012 tarihinde kurulmu\u015ftur. Eyl\u00fcl 2012 tarihinden A\u011fustos 2016 tarihine kadar ge\u00e7en s\u00fcrede Do\u00e7. Dr. Kerem YAPICI merkez m\u00fcd\u00fcr\u00fc olarak g\u00f6rev yapm\u0131\u015ft\u0131r. Daha sonra Merkez m\u00fcd\u00fcrl\u00fc\u011f\u00fcne 25.08.2016 tarihinde M\u00fchendislik Fak\u00fcltesi Jeoloji M\u00fchendisli\u011fi B\u00f6l\u00fcm\u00fc \u00d6\u011fretim \u00dcyesi Prof. Dr. Kaan \u015eevki KAVAK atanm\u0131\u015f olup bu [&hellip;]<\/p>\n","protected":false},"author":1,"featured_media":0,"parent":0,"menu_order":0,"comment_status":"closed","ping_status":"closed","template":"","meta":{"footnotes":""},"class_list":["post-395","page","type-page","status-publish","hentry"],"_links":{"self":[{"href":"https:\/\/pdo.cumhuriyet.edu.tr\/index.php?rest_route=\/wp\/v2\/pages\/395","targetHints":{"allow":["GET"]}}],"collection":[{"href":"https:\/\/pdo.cumhuriyet.edu.tr\/index.php?rest_route=\/wp\/v2\/pages"}],"about":[{"href":"https:\/\/pdo.cumhuriyet.edu.tr\/index.php?rest_route=\/wp\/v2\/types\/page"}],"author":[{"embeddable":true,"href":"https:\/\/pdo.cumhuriyet.edu.tr\/index.php?rest_route=\/wp\/v2\/users\/1"}],"replies":[{"embeddable":true,"href":"https:\/\/pdo.cumhuriyet.edu.tr\/index.php?rest_route=%2Fwp%2Fv2%2Fcomments&post=395"}],"version-history":[{"count":6,"href":"https:\/\/pdo.cumhuriyet.edu.tr\/index.php?rest_route=\/wp\/v2\/pages\/395\/revisions"}],"predecessor-version":[{"id":2002,"href":"https:\/\/pdo.cumhuriyet.edu.tr\/index.php?rest_route=\/wp\/v2\/pages\/395\/revisions\/2002"}],"wp:attachment":[{"href":"https:\/\/pdo.cumhuriyet.edu.tr\/index.php?rest_route=%2Fwp%2Fv2%2Fmedia&parent=395"}],"curies":[{"name":"wp","href":"https:\/\/api.w.org\/{rel}","templated":true}]}}