{"id":313,"date":"2017-12-21T16:05:48","date_gmt":"2017-12-21T14:05:48","guid":{"rendered":"https:\/\/pdo.cumhuriyet.edu.tr\/?page_id=313"},"modified":"2017-12-21T16:05:48","modified_gmt":"2017-12-21T14:05:48","slug":"proje-dongusu-yonetimi-sunumu","status":"publish","type":"page","link":"https:\/\/pdo.cumhuriyet.edu.tr\/?page_id=313","title":{"rendered":"Proje D\u00f6ng\u00fcs\u00fc Y\u00f6netimi Sunumu"},"content":{"rendered":"<p><a href=\"https:\/\/pdo.cumhuriyet.edu.tr\/wp-content\/uploads\/Proje-D\u00f6ng\u00fcs\u00fc-Y\u00f6netimi-ve-Mant\u0131ksal-\u00c7er\u00e7eve-Yakla\u015f\u0131m\u0131..pptx\">Proje D\u00f6ng\u00fcs\u00fc Y\u00f6netimi ve Mant\u0131ksal \u00c7er\u00e7eve Yakla\u015f\u0131m\u0131.<\/a><\/p>\n<p><a href=\"https:\/\/pdo.cumhuriyet.edu.tr\/wp-content\/uploads\/PROJE-Y\u00d6NET\u0130M\u0130..pdf\">PROJE Y\u00d6NET\u0130M\u0130.<\/a><\/p>\n","protected":false},"excerpt":{"rendered":"<p>Proje D\u00f6ng\u00fcs\u00fc Y\u00f6netimi ve Mant\u0131ksal \u00c7er\u00e7eve Yakla\u015f\u0131m\u0131. PROJE Y\u00d6NET\u0130M\u0130.<\/p>\n","protected":false},"author":1,"featured_media":0,"parent":0,"menu_order":0,"comment_status":"closed","ping_status":"closed","template":"","meta":{"footnotes":""},"class_list":["post-313","page","type-page","status-publish","hentry"],"_links":{"self":[{"href":"https:\/\/pdo.cumhuriyet.edu.tr\/index.php?rest_route=\/wp\/v2\/pages\/313","targetHints":{"allow":["GET"]}}],"collection":[{"href":"https:\/\/pdo.cumhuriyet.edu.tr\/index.php?rest_route=\/wp\/v2\/pages"}],"about":[{"href":"https:\/\/pdo.cumhuriyet.edu.tr\/index.php?rest_route=\/wp\/v2\/types\/page"}],"author":[{"embeddable":true,"href":"https:\/\/pdo.cumhuriyet.edu.tr\/index.php?rest_route=\/wp\/v2\/users\/1"}],"replies":[{"embeddable":true,"href":"https:\/\/pdo.cumhuriyet.edu.tr\/index.php?rest_route=%2Fwp%2Fv2%2Fcomments&post=313"}],"version-history":[{"count":1,"href":"https:\/\/pdo.cumhuriyet.edu.tr\/index.php?rest_route=\/wp\/v2\/pages\/313\/revisions"}],"predecessor-version":[{"id":316,"href":"https:\/\/pdo.cumhuriyet.edu.tr\/index.php?rest_route=\/wp\/v2\/pages\/313\/revisions\/316"}],"wp:attachment":[{"href":"https:\/\/pdo.cumhuriyet.edu.tr\/index.php?rest_route=%2Fwp%2Fv2%2Fmedia&parent=313"}],"curies":[{"name":"wp","href":"https:\/\/api.w.org\/{rel}","templated":true}]}}