{"id":283,"date":"2017-12-21T15:05:34","date_gmt":"2017-12-21T13:05:34","guid":{"rendered":"https:\/\/pdo.cumhuriyet.edu.tr\/?page_id=283"},"modified":"2021-03-11T14:58:59","modified_gmt":"2021-03-11T12:58:59","slug":"ogrenci","status":"publish","type":"page","link":"https:\/\/pdo.cumhuriyet.edu.tr\/?page_id=283","title":{"rendered":"Burs \/ \u00d6d\u00fcl \/ Yar\u0131\u015fma"},"content":{"rendered":"<h1>BURSLAR<\/h1>\n<h2>Y\u00d6K BURSLARI<\/h2>\n<p><strong><a href=\"https:\/\/yuzikibinbursu.yok.gov.tr\/\">Y\u00d6K100\/2000 Doktora Bursu<\/a><\/strong><\/p>\n<p><a href=\"https:\/\/www.yok.gov.tr\/ogrenci\/yok-bursuve-destekleri\"><strong>Y\u00d6K Destek Bursu<\/strong><\/a><\/p>\n<p><a href=\"https:\/\/www.yok.gov.tr\/ogrenci\/yok-bursuve-destekleri\"><strong>Yabanc\u0131 Uyruklu \u00d6\u011frencileri Destekleme Program\u0131<\/strong><\/a><\/p>\n<p><a href=\"https:\/\/mevlana.yok.gov.tr\/\"><strong>Proje Tabanl\u0131 Uluslararas\u0131 De\u011fi\u015fim Program\u0131 (Mevlana De\u011fi\u015fimi Program\u0131)<\/strong><\/a><\/p>\n<p><a href=\"https:\/\/www.yok.gov.tr\/ogrenci\/yok-bursuve-destekleri\"><strong>Y\u00d6K T\u00fcrkoloji Bursu<\/strong><\/a><\/p>\n<p><a href=\"https:\/\/yudab.yok.gov.tr\/\"><strong>YUDAB<\/strong><\/a><\/p>\n<p><a href=\"https:\/\/www.yok.gov.tr\/ogrenci\/yok-bursuve-destekleri\"><strong>Y\u00d6K-Yabanc\u0131 Dil E\u011fitim Bursu<\/strong><\/a><\/p>\n<h2>T\u00dcB\u0130TAK BURSLARI<\/h2>\n<p><strong><a href=\"https:\/\/www.tubitak.gov.tr\/tr\/burslar\/lisans\/burs-programlari\/icerik-2205-yurt-ici-lisans-burs-programi\">2205 &#8211; Yurt \u0130\u00e7i Lisans Burs Program\u0131<\/a><\/strong><\/p>\n<p><strong><a href=\"https:\/\/www.tubitak.gov.tr\/tr\/burslar\/lisans\/burs-programlari\/icerik-2209-a-universite-ogrencileri-arastirma-projeleri-destekleme-programi\">2209-A &#8211; \u00dcniversite \u00d6\u011frencileri Ara\u015ft\u0131rma Projeleri Destekleme Program\u0131<\/a><\/strong><\/p>\n<p><strong><a href=\"https:\/\/www.tubitak.gov.tr\/tr\/burslar\/lisans\/burs-programlari\/icerik-2209-b-sanayiye-yonelik-lisans-bitirme-tezi-destekleme-programi\">2209-B &#8211; Sanayiye Y\u00f6nelik Lisans Bitirme Tezi Destekleme Program\u0131<\/a><\/strong><\/p>\n<p><a href=\"https:\/\/e-bideb.tubitak.gov.tr\/giris.htm\"><strong>2210-A Genel Yurt \u0130\u00e7i Y\u00fcksek Lisans Burs Program\u0131<\/strong><\/a><\/p>\n<p><a href=\"https:\/\/e-bideb.tubitak.gov.tr\/giris.htm\"><strong>2210-B Sosyal Bilimlere Ge\u00e7i\u015f Yurt \u0130\u00e7i Y\u00fcksek Lisans Burs Program\u0131\u00a0<\/strong><\/a><\/p>\n<p><a href=\"https:\/\/e-bideb.tubitak.gov.tr\/giris.htm\"><strong>2210-C \u00d6ncelikli Alanlara Y\u00f6nelik Yurt \u0130\u00e7i Y\u00fcksek Lisans Burs Program\u0131\u00a0<\/strong><\/a><\/p>\n<p><a href=\"https:\/\/e-bideb.tubitak.gov.tr\/giris.htm\"><strong>2210-D Sanayiye Y\u00f6nelik Yurt \u0130\u00e7i Y\u00fcksek Lisans Burs Program\u0131\u00a0<\/strong><\/a><\/p>\n<p><a href=\"https:\/\/e-bideb.tubitak.gov.tr\/giris.htm\"><strong>2210-E Do\u011frudan Yurt \u0130\u00e7i Y\u00fcksek Lisans Burs Program\u0131\u00a0<\/strong><\/a><\/p>\n<p><strong><a href=\"https:\/\/www.tubitak.gov.tr\/tr\/burslar\/lisansustu\/egitim-burs-programlari\/icerik-2211-yurt-ici-lisansustu-burs-programi\">2211 &#8211; Yurt \u0130\u00e7i Lisans\u00fcst\u00fc Burs Programlar\u0131<\/a><\/strong><\/p>\n<p><a href=\"https:\/\/e-bideb.tubitak.gov.tr\/giris.htm\"><strong>2211-A Genel Yurt \u0130\u00e7i Doktora Burs Program\u0131<\/strong><\/a><\/p>\n<p><a href=\"https:\/\/e-bideb.tubitak.gov.tr\/giris.htm\"><strong>2211-B Sosyal Bilimlere Ge\u00e7i\u015f Yurt \u0130\u00e7i Doktora Burs Program\u0131<\/strong><\/a><\/p>\n<p><a href=\"https:\/\/e-bideb.tubitak.gov.tr\/giris.htm\"><strong>2211-C \u00d6ncelikli Alanlara Y\u00f6nelik Yurt \u0130\u00e7i Doktora Burs Program\u0131<\/strong><\/a><\/p>\n<p><a href=\"https:\/\/e-bideb.tubitak.gov.tr\/giris.htm\"><strong>2211-E Do\u011frudan Yurt \u0130\u00e7i Doktora Burs Program\u0131\u00a0<\/strong><\/a><\/p>\n<p><strong><a href=\"https:\/\/www.tubitak.gov.tr\/tr\/burslar\/lisansustu\/egitim-burs-programlari\/icerik-2213-yurt-disi-lisansustu-burs-programi\">2213 &#8211; Yurt D\u0131\u015f\u0131 Lisans\u00fcst\u00fc Burs Program\u0131<\/a><\/strong><\/p>\n<p><strong><a href=\"https:\/\/www.tubitak.gov.tr\/tr\/destekler\/sanayi\/ulusal-destek-programlari\/icerik-1512-teknogirisim-sermayesi-destegi-programi-bigg\">1512 Teknogiri\u015fim Sermayesi Deste\u011fi Program\u00a0 (Bireysel Gen\u00e7 Giri\u015fim, B\u0130GG program\u0131)<\/a><\/strong><\/p>\n<p><a href=\"https:\/\/e-bideb.tubitak.gov.tr\/giris.htm\"><strong>2214-A Yurt D\u0131\u015f\u0131 Ara\u015ft\u0131rma Burs Program\u0131 (Doktora \u00f6\u011frencileri i\u00e7in)<\/strong><\/a><\/p>\n<p><a href=\"https:\/\/e-bideb.tubitak.gov.tr\/giris.htm\"><strong>2218-Yurt \u0130\u00e7i Doktora Sonras\u0131 Ara\u015ft\u0131rma Burs Program\u0131<\/strong><\/a><\/p>\n<p><a href=\"https:\/\/e-bideb.tubitak.gov.tr\/giris.htm\"><strong>2219-Yurt D\u0131\u015f\u0131 Doktora Sonras\u0131 Ara\u015ft\u0131rma Burs Program\u0131<\/strong><\/a><\/p>\n<p><a href=\"https:\/\/e-bideb.tubitak.gov.tr\/giris.htm\"><strong>2244- Sanayi Doktora Program\u0131<\/strong><\/a><\/p>\n<h2>D\u0130\u011eER KURUM BURSLARI<\/h2>\n<p><a href=\"https:\/\/basvurular.meb.gov.tr\/bsv2_4\/disiliskiler_yabbursbsv\/tckimliksor.aspx\"><strong>Milli E\u011fitim Bakanl\u0131\u011f\u0131 Yurt D\u0131\u015f\u0131 Burslar\u0131<\/strong><\/a><\/p>\n<p><a href=\"https:\/\/diyanetburslari.tdv.org\/\"><strong>T\u00fcrkiye Diyanet Vakf\u0131 Bursu<\/strong><\/a><\/p>\n<p><strong><a href=\"https:\/\/www.bilimkahramanlari.org\/genc-bilim-insani-odulleri\/\">Gen\u00e7 Bilim \u0130nsan\u0131 \u00d6d\u00fclleri<\/a><\/strong><\/p>\n<p><strong><a href=\"https:\/\/www.bilimkahramanlari.org\/dunya-robot-olimpiyati\/\">World Robot Olympiad \/ D\u00fcnya Robot Olimpiyat\u0131<\/a><\/strong><\/p>\n<p><a href=\"http:\/\/burslar.tog.org.tr\/\"><strong>Toplum G\u00f6n\u00fcll\u00fcleri Vakf\u0131 Bursu<\/strong><\/a><\/p>\n<p><a href=\"https:\/\/www.dasev.org\/burslar\/\"><strong>DASEV Darendeliler K\u00fclt\u00fcr Sa\u011fl\u0131k ve E\u011fitim Vakf\u0131<\/strong><\/a><\/p>\n<p><a href=\"https:\/\/www.yekuv.org\/universite-burskayit\/\"><strong>21. Y\u00fczy\u0131l E\u011fitim ve K\u00fclt\u00fcr Vakf\u0131 Bursu<\/strong><\/a><\/p>\n<p><strong><a href=\"http:\/\/www.rumeliegitimvakfi.org.tr\/rumeli-egitim-vakfi-burslari\/\">Rumeli E\u011fitim Vakf\u0131 Bursu<\/a><\/strong><\/p>\n<p><a href=\"https:\/\/www.tekfenburs.org\/\"><strong>Tekfen Vakf\u0131 Bursu<\/strong><\/a><\/p>\n<p><a href=\"https:\/\/www.forwomeninscience.com\/\"><strong>L\u2019OR\u00c9AL-UNESCO Ulusal Gen\u00e7 Bilim Kad\u0131nlar\u0131na Destek Burslar\u0131<\/strong><\/a><\/p>\n<h2><\/h2>\n<h2><strong>YARI\u015eMALAR<\/strong><\/h2>\n<p><strong><a href=\"https:\/\/www.teknofest.org\/yarisma-detaylar-25.html\">Ak\u0131ll\u0131 Ula\u015f\u0131m Yar\u0131\u015fmas\u0131<\/a><\/strong><\/p>\n<p><a href=\"https:\/\/www.teknofest.org\/yarisma-detaylar-21.html\"><strong>Biyolteknoloji \u0130novasyon Yar\u0131\u015fmas\u0131<\/strong><\/a><\/p>\n<p><a href=\"https:\/\/www.teknofest.org\/yarisma-detaylar-23.html\"><strong>E\u011fitim Teknolojileri Yar\u0131\u015fmas\u0131<\/strong><\/a><\/p>\n<p><a href=\"https:\/\/www.teknofest.org\/yarisma-detaylar-1.html\"><strong>Hack \u0130stanbul<\/strong><\/a><\/p>\n<p><a href=\"https:\/\/www.teknofest.org\/yarisma-detaylar-43.html\"><strong>Sanayide Digital Teknolojiler Yar\u0131\u015fmas\u0131<\/strong><\/a><\/p>\n<p><a href=\"https:\/\/www.teknofest.org\/yarisma-detaylar-10.html\"><strong>Sava\u015fan \u0130HA Yar\u0131\u015fmas\u0131<\/strong><\/a><\/p>\n<p><a href=\"https:\/\/www.teknofest.org\/yarisma-detaylar-56.html\"><strong>Sa\u011fl\u0131kta Yapay Zeka Yar\u0131\u015fmas\u0131<\/strong><\/a><\/p>\n<p><a href=\"https:\/\/www.teknofest.org\/yarisma-detaylar-5.html\"><strong>Tar\u0131m Teknolojileri Yar\u0131\u015fmas\u0131<\/strong><\/a><\/p>\n<p><a href=\"https:\/\/www.teknofest.org\/yarisma-detaylar-41.html\"><strong>Tar\u0131msal \u0130nsans\u0131z Kara Arac\u0131 Yar\u0131\u015fmas\u0131<\/strong><\/a><\/p>\n<p><a href=\"https:\/\/www.teknofest.org\/yarisma-detaylar-42.html\"><strong>Turizm Teknolojileri Yar\u0131\u015fmas\u0131<\/strong><\/a><\/p>\n<p><a href=\"https:\/\/www.teknofest.org\/yarisma-detaylar-27.html\"><strong>Travel Hackathon<\/strong><\/a><\/p>\n<p><a href=\"https:\/\/www.teknofest.org\/yarisma-detaylar-7.html\"><strong>Uluslararas\u0131 Efficiency Challenge Elektrikli Ara\u00e7 Yar\u0131\u015flar\u0131<\/strong><\/a><\/p>\n<p><a href=\"https:\/\/www.teknofest.org\/yarisma-detaylar-12.html\"><strong>Uluslararas\u0131 \u0130nsans\u0131z Hava Arac\u0131 Yar\u0131\u015fmas\u0131<\/strong><\/a><\/p>\n<p><a href=\"https:\/\/www.teknofest.org\/yarisma-detaylar-28.html\"><strong>World Drone Cup Yar\u0131\u015fmas\u0131<\/strong><\/a><\/p>\n<p><a href=\"https:\/\/www.teknofest.org\/yarisma-detaylar-24.html\"><strong>\u00c7evre ve Enerji Teknolojileri Yar\u0131\u015fmas\u0131<\/strong><\/a><\/p>\n<p><a href=\"https:\/\/www.teknofest.org\/yarisma-detaylar-31.html\"><strong>\u00dcniversite \u00d6\u011frencileri Ara\u015ft\u0131rma Proje Yar\u0131\u015fmalar\u0131<\/strong><\/a><\/p>\n<p><strong><a href=\"https:\/\/www.teknofest.org\/yarisma-detaylar-44.html\">\u0130leti\u015fim Teknolojileri Yar\u0131\u015fmas\u0131<\/a><\/strong><\/p>\n<p><a href=\"https:\/\/www.teknofest.org\/yarisma-detaylar-13.html\"><strong>\u0130nsans\u0131z Su Alt\u0131 Sistemleri Yar\u0131\u015fmas\u0131<\/strong><\/a><\/p>\n<h2><\/h2>\n<h2>\u00d6D\u00dcLLER<\/h2>\n<p><a href=\"http:\/\/www.tuba.gov.tr\/tr\/tuba-odulleri\/uluslararasi-tuba-akademi-odulleri\"><strong>Uluslararas\u0131 T\u00dcBA Akademi \u00d6d\u00fclleri<\/strong><\/a><\/p>\n<p><a href=\"http:\/\/www.tuba.gov.tr\/tr\/tuba-odulleri\/tuba-ustun-basarili-genc-bilim-insani-odulleri-gebip\"><strong>T\u00dcBA-\u00dcst\u00fcn Ba\u015far\u0131l\u0131 Gen\u00e7 Bilim \u0130nsan\u0131 \u00d6d\u00fclleri (GEB\u0130P)<\/strong><\/a><\/p>\n<p><a href=\"http:\/\/www.tuba.gov.tr\/tr\/tuba-odulleri\/tuba-bilimsel-telif-eser-odulleri-tesep\"><strong>T\u00dcBA-Bilimsel Telif Eser \u00d6d\u00fclleri (TESEP)<\/strong><\/a><\/p>\n<p><a href=\"http:\/\/lakev.org\/%C3%96d%C3%BCllerimiz\/\"><strong>LAKEV Bilim \u00d6d\u00fcl\u00fc<\/strong><\/a><\/p>\n","protected":false},"excerpt":{"rendered":"<p>BURSLAR Y\u00d6K BURSLARI Y\u00d6K100\/2000 Doktora Bursu Y\u00d6K Destek Bursu Yabanc\u0131 Uyruklu \u00d6\u011frencileri Destekleme Program\u0131 Proje Tabanl\u0131 Uluslararas\u0131 De\u011fi\u015fim Program\u0131 (Mevlana De\u011fi\u015fimi Program\u0131) Y\u00d6K T\u00fcrkoloji Bursu YUDAB Y\u00d6K-Yabanc\u0131 Dil E\u011fitim Bursu T\u00dcB\u0130TAK BURSLARI 2205 &#8211; Yurt \u0130\u00e7i Lisans Burs Program\u0131 2209-A &#8211; \u00dcniversite \u00d6\u011frencileri Ara\u015ft\u0131rma Projeleri Destekleme Program\u0131 2209-B &#8211; Sanayiye Y\u00f6nelik Lisans Bitirme Tezi Destekleme [&hellip;]<\/p>\n","protected":false},"author":1,"featured_media":0,"parent":0,"menu_order":0,"comment_status":"closed","ping_status":"closed","template":"","meta":{"footnotes":""},"class_list":["post-283","page","type-page","status-publish","hentry"],"_links":{"self":[{"href":"https:\/\/pdo.cumhuriyet.edu.tr\/index.php?rest_route=\/wp\/v2\/pages\/283","targetHints":{"allow":["GET"]}}],"collection":[{"href":"https:\/\/pdo.cumhuriyet.edu.tr\/index.php?rest_route=\/wp\/v2\/pages"}],"about":[{"href":"https:\/\/pdo.cumhuriyet.edu.tr\/index.php?rest_route=\/wp\/v2\/types\/page"}],"author":[{"embeddable":true,"href":"https:\/\/pdo.cumhuriyet.edu.tr\/index.php?rest_route=\/wp\/v2\/users\/1"}],"replies":[{"embeddable":true,"href":"https:\/\/pdo.cumhuriyet.edu.tr\/index.php?rest_route=%2Fwp%2Fv2%2Fcomments&post=283"}],"version-history":[{"count":12,"href":"https:\/\/pdo.cumhuriyet.edu.tr\/index.php?rest_route=\/wp\/v2\/pages\/283\/revisions"}],"predecessor-version":[{"id":1830,"href":"https:\/\/pdo.cumhuriyet.edu.tr\/index.php?rest_route=\/wp\/v2\/pages\/283\/revisions\/1830"}],"wp:attachment":[{"href":"https:\/\/pdo.cumhuriyet.edu.tr\/index.php?rest_route=%2Fwp%2Fv2%2Fmedia&parent=283"}],"curies":[{"name":"wp","href":"https:\/\/api.w.org\/{rel}","templated":true}]}}