{"id":2427,"date":"2026-04-08T18:02:04","date_gmt":"2026-04-08T15:02:04","guid":{"rendered":"https:\/\/pdo.cumhuriyet.edu.tr\/?page_id=2427"},"modified":"2026-04-08T18:02:04","modified_gmt":"2026-04-08T15:02:04","slug":"toplumsal-katki-stratejisi-2","status":"publish","type":"page","link":"https:\/\/pdo.cumhuriyet.edu.tr\/?page_id=2427","title":{"rendered":"Toplumsal Katk\u0131 Stratejisi"},"content":{"rendered":"<p>Ara\u015ft\u0131rmac\u0131lar\u0131m\u0131za y\u00f6nelik g\u00fcncel proje yazma e\u011fitimleri d\u00fczenlemek ve ba\u015fvuru s\u00fcre\u00e7lerinde birebir teknik dan\u0131\u015fmanl\u0131k sunarak \u00fcniversitemizin toplumsal etki de\u011feri y\u00fcksek proje say\u0131s\u0131n\u0131 art\u0131rmakt\u0131r. Ayr\u0131ca, \u00fcniversite-kamu-sanayi i\u015fbirliklerini g\u00fc\u00e7lendirecek fon kaynaklar\u0131n\u0131 d\u00fczenli olarak analiz edip ara\u015ft\u0131rmac\u0131larla bulu\u015fturarak nitelikli e\u015fle\u015ftirme faaliyetleri y\u00fcr\u00fctmektir.<\/p>\n","protected":false},"excerpt":{"rendered":"<p>Ara\u015ft\u0131rmac\u0131lar\u0131m\u0131za y\u00f6nelik g\u00fcncel proje yazma e\u011fitimleri d\u00fczenlemek ve ba\u015fvuru s\u00fcre\u00e7lerinde birebir teknik dan\u0131\u015fmanl\u0131k sunarak \u00fcniversitemizin toplumsal etki de\u011feri y\u00fcksek proje say\u0131s\u0131n\u0131 art\u0131rmakt\u0131r. Ayr\u0131ca, \u00fcniversite-kamu-sanayi i\u015fbirliklerini g\u00fc\u00e7lendirecek fon kaynaklar\u0131n\u0131 d\u00fczenli olarak analiz edip ara\u015ft\u0131rmac\u0131larla bulu\u015fturarak nitelikli e\u015fle\u015ftirme faaliyetleri y\u00fcr\u00fctmektir.<\/p>\n","protected":false},"author":1,"featured_media":0,"parent":0,"menu_order":0,"comment_status":"closed","ping_status":"closed","template":"","meta":{"footnotes":""},"class_list":["post-2427","page","type-page","status-publish","hentry"],"_links":{"self":[{"href":"https:\/\/pdo.cumhuriyet.edu.tr\/index.php?rest_route=\/wp\/v2\/pages\/2427","targetHints":{"allow":["GET"]}}],"collection":[{"href":"https:\/\/pdo.cumhuriyet.edu.tr\/index.php?rest_route=\/wp\/v2\/pages"}],"about":[{"href":"https:\/\/pdo.cumhuriyet.edu.tr\/index.php?rest_route=\/wp\/v2\/types\/page"}],"author":[{"embeddable":true,"href":"https:\/\/pdo.cumhuriyet.edu.tr\/index.php?rest_route=\/wp\/v2\/users\/1"}],"replies":[{"embeddable":true,"href":"https:\/\/pdo.cumhuriyet.edu.tr\/index.php?rest_route=%2Fwp%2Fv2%2Fcomments&post=2427"}],"version-history":[{"count":1,"href":"https:\/\/pdo.cumhuriyet.edu.tr\/index.php?rest_route=\/wp\/v2\/pages\/2427\/revisions"}],"predecessor-version":[{"id":2428,"href":"https:\/\/pdo.cumhuriyet.edu.tr\/index.php?rest_route=\/wp\/v2\/pages\/2427\/revisions\/2428"}],"wp:attachment":[{"href":"https:\/\/pdo.cumhuriyet.edu.tr\/index.php?rest_route=%2Fwp%2Fv2%2Fmedia&parent=2427"}],"curies":[{"name":"wp","href":"https:\/\/api.w.org\/{rel}","templated":true}]}}