{"id":2425,"date":"2026-04-08T18:01:45","date_gmt":"2026-04-08T15:01:45","guid":{"rendered":"https:\/\/pdo.cumhuriyet.edu.tr\/?page_id=2425"},"modified":"2026-04-08T18:01:45","modified_gmt":"2026-04-08T15:01:45","slug":"toplumsal-katki-politikasi-2","status":"publish","type":"page","link":"https:\/\/pdo.cumhuriyet.edu.tr\/?page_id=2425","title":{"rendered":"Toplumsal Katk\u0131 Politikas\u0131"},"content":{"rendered":"<p>\u00dcniversitemizin genel hedefleri do\u011frultusunda, toplumsal sorunlara s\u00fcrd\u00fcr\u00fclebilir \u00e7\u00f6z\u00fcmler sunan ara\u015ft\u0131rmalar\u0131n d\u0131\u015f fonlarla (T\u00dcB\u0130TAK, kalk\u0131nma ajanslar\u0131 vb.) desteklenmesini g\u00fcvence alt\u0131na almay\u0131 hedefler. Bu do\u011frultuda, ara\u015ft\u0131rmac\u0131y\u0131 merkeze alan, te\u015fvik edici ve eri\u015filebilir bir rehberlik anlay\u0131\u015f\u0131 benimsenir.<\/p>\n","protected":false},"excerpt":{"rendered":"<p>\u00dcniversitemizin genel hedefleri do\u011frultusunda, toplumsal sorunlara s\u00fcrd\u00fcr\u00fclebilir \u00e7\u00f6z\u00fcmler sunan ara\u015ft\u0131rmalar\u0131n d\u0131\u015f fonlarla (T\u00dcB\u0130TAK, kalk\u0131nma ajanslar\u0131 vb.) desteklenmesini g\u00fcvence alt\u0131na almay\u0131 hedefler. Bu do\u011frultuda, ara\u015ft\u0131rmac\u0131y\u0131 merkeze alan, te\u015fvik edici ve eri\u015filebilir bir rehberlik anlay\u0131\u015f\u0131 benimsenir.<\/p>\n","protected":false},"author":1,"featured_media":0,"parent":0,"menu_order":0,"comment_status":"closed","ping_status":"closed","template":"","meta":{"footnotes":""},"class_list":["post-2425","page","type-page","status-publish","hentry"],"_links":{"self":[{"href":"https:\/\/pdo.cumhuriyet.edu.tr\/index.php?rest_route=\/wp\/v2\/pages\/2425","targetHints":{"allow":["GET"]}}],"collection":[{"href":"https:\/\/pdo.cumhuriyet.edu.tr\/index.php?rest_route=\/wp\/v2\/pages"}],"about":[{"href":"https:\/\/pdo.cumhuriyet.edu.tr\/index.php?rest_route=\/wp\/v2\/types\/page"}],"author":[{"embeddable":true,"href":"https:\/\/pdo.cumhuriyet.edu.tr\/index.php?rest_route=\/wp\/v2\/users\/1"}],"replies":[{"embeddable":true,"href":"https:\/\/pdo.cumhuriyet.edu.tr\/index.php?rest_route=%2Fwp%2Fv2%2Fcomments&post=2425"}],"version-history":[{"count":1,"href":"https:\/\/pdo.cumhuriyet.edu.tr\/index.php?rest_route=\/wp\/v2\/pages\/2425\/revisions"}],"predecessor-version":[{"id":2426,"href":"https:\/\/pdo.cumhuriyet.edu.tr\/index.php?rest_route=\/wp\/v2\/pages\/2425\/revisions\/2426"}],"wp:attachment":[{"href":"https:\/\/pdo.cumhuriyet.edu.tr\/index.php?rest_route=%2Fwp%2Fv2%2Fmedia&parent=2425"}],"curies":[{"name":"wp","href":"https:\/\/api.w.org\/{rel}","templated":true}]}}