{"id":2423,"date":"2026-04-08T18:01:23","date_gmt":"2026-04-08T15:01:23","guid":{"rendered":"https:\/\/pdo.cumhuriyet.edu.tr\/?page_id=2423"},"modified":"2026-04-08T18:01:23","modified_gmt":"2026-04-08T15:01:23","slug":"vizyon-2","status":"publish","type":"page","link":"https:\/\/pdo.cumhuriyet.edu.tr\/?page_id=2423","title":{"rendered":"Vizyon"},"content":{"rendered":"<p>Sivas Cumhuriyet \u00dcniversitesi&#8217;nin toplumsal meselelere \u00e7\u00f6z\u00fcm \u00fcreten proje kapasitesini en \u00fcst d\u00fczeye \u00e7\u0131karan ve b\u00f6lgesel kalk\u0131nmada \u00f6nc\u00fc rol oynayan lider bir proje destek merkezi olmakt\u0131r.<\/p>\n","protected":false},"excerpt":{"rendered":"<p>Sivas Cumhuriyet \u00dcniversitesi&#8217;nin toplumsal meselelere \u00e7\u00f6z\u00fcm \u00fcreten proje kapasitesini en \u00fcst d\u00fczeye \u00e7\u0131karan ve b\u00f6lgesel kalk\u0131nmada \u00f6nc\u00fc rol oynayan lider bir proje destek merkezi olmakt\u0131r.<\/p>\n","protected":false},"author":1,"featured_media":0,"parent":0,"menu_order":0,"comment_status":"closed","ping_status":"closed","template":"","meta":{"footnotes":""},"class_list":["post-2423","page","type-page","status-publish","hentry"],"_links":{"self":[{"href":"https:\/\/pdo.cumhuriyet.edu.tr\/index.php?rest_route=\/wp\/v2\/pages\/2423","targetHints":{"allow":["GET"]}}],"collection":[{"href":"https:\/\/pdo.cumhuriyet.edu.tr\/index.php?rest_route=\/wp\/v2\/pages"}],"about":[{"href":"https:\/\/pdo.cumhuriyet.edu.tr\/index.php?rest_route=\/wp\/v2\/types\/page"}],"author":[{"embeddable":true,"href":"https:\/\/pdo.cumhuriyet.edu.tr\/index.php?rest_route=\/wp\/v2\/users\/1"}],"replies":[{"embeddable":true,"href":"https:\/\/pdo.cumhuriyet.edu.tr\/index.php?rest_route=%2Fwp%2Fv2%2Fcomments&post=2423"}],"version-history":[{"count":1,"href":"https:\/\/pdo.cumhuriyet.edu.tr\/index.php?rest_route=\/wp\/v2\/pages\/2423\/revisions"}],"predecessor-version":[{"id":2424,"href":"https:\/\/pdo.cumhuriyet.edu.tr\/index.php?rest_route=\/wp\/v2\/pages\/2423\/revisions\/2424"}],"wp:attachment":[{"href":"https:\/\/pdo.cumhuriyet.edu.tr\/index.php?rest_route=%2Fwp%2Fv2%2Fmedia&parent=2423"}],"curies":[{"name":"wp","href":"https:\/\/api.w.org\/{rel}","templated":true}]}}