{"id":2421,"date":"2026-04-08T18:01:00","date_gmt":"2026-04-08T15:01:00","guid":{"rendered":"https:\/\/pdo.cumhuriyet.edu.tr\/?page_id=2421"},"modified":"2026-04-08T18:01:00","modified_gmt":"2026-04-08T15:01:00","slug":"misyon-2","status":"publish","type":"page","link":"https:\/\/pdo.cumhuriyet.edu.tr\/?page_id=2421","title":{"rendered":"Misyon"},"content":{"rendered":"<p>\u00dcniversitemiz ara\u015ft\u0131rmac\u0131lar\u0131n\u0131n \u00fcretti\u011fi bilimsel bilginin toplumsal faydaya d\u00f6n\u00fc\u015fmesini sa\u011flayacak projeler i\u00e7in hibe ve destek bulma s\u00fcre\u00e7lerinde kolayla\u015ft\u0131r\u0131c\u0131 bir rol \u00fcstlenmektir. Akademisyenlerimizin teknik ve idari s\u00fcre\u00e7lerdeki y\u00fcklerini hafifleterek, do\u011frudan topluma dokunan \u00e7al\u0131\u015fmalar\u0131na odaklanmalar\u0131n\u0131 sa\u011flamakt\u0131r.<\/p>\n","protected":false},"excerpt":{"rendered":"<p>\u00dcniversitemiz ara\u015ft\u0131rmac\u0131lar\u0131n\u0131n \u00fcretti\u011fi bilimsel bilginin toplumsal faydaya d\u00f6n\u00fc\u015fmesini sa\u011flayacak projeler i\u00e7in hibe ve destek bulma s\u00fcre\u00e7lerinde kolayla\u015ft\u0131r\u0131c\u0131 bir rol \u00fcstlenmektir. Akademisyenlerimizin teknik ve idari s\u00fcre\u00e7lerdeki y\u00fcklerini hafifleterek, do\u011frudan topluma dokunan \u00e7al\u0131\u015fmalar\u0131na odaklanmalar\u0131n\u0131 sa\u011flamakt\u0131r.<\/p>\n","protected":false},"author":1,"featured_media":0,"parent":0,"menu_order":0,"comment_status":"closed","ping_status":"closed","template":"","meta":{"footnotes":""},"class_list":["post-2421","page","type-page","status-publish","hentry"],"_links":{"self":[{"href":"https:\/\/pdo.cumhuriyet.edu.tr\/index.php?rest_route=\/wp\/v2\/pages\/2421","targetHints":{"allow":["GET"]}}],"collection":[{"href":"https:\/\/pdo.cumhuriyet.edu.tr\/index.php?rest_route=\/wp\/v2\/pages"}],"about":[{"href":"https:\/\/pdo.cumhuriyet.edu.tr\/index.php?rest_route=\/wp\/v2\/types\/page"}],"author":[{"embeddable":true,"href":"https:\/\/pdo.cumhuriyet.edu.tr\/index.php?rest_route=\/wp\/v2\/users\/1"}],"replies":[{"embeddable":true,"href":"https:\/\/pdo.cumhuriyet.edu.tr\/index.php?rest_route=%2Fwp%2Fv2%2Fcomments&post=2421"}],"version-history":[{"count":1,"href":"https:\/\/pdo.cumhuriyet.edu.tr\/index.php?rest_route=\/wp\/v2\/pages\/2421\/revisions"}],"predecessor-version":[{"id":2422,"href":"https:\/\/pdo.cumhuriyet.edu.tr\/index.php?rest_route=\/wp\/v2\/pages\/2421\/revisions\/2422"}],"wp:attachment":[{"href":"https:\/\/pdo.cumhuriyet.edu.tr\/index.php?rest_route=%2Fwp%2Fv2%2Fmedia&parent=2421"}],"curies":[{"name":"wp","href":"https:\/\/api.w.org\/{rel}","templated":true}]}}