{"id":2289,"date":"2025-03-19T15:04:18","date_gmt":"2025-03-19T12:04:18","guid":{"rendered":"https:\/\/pdo.cumhuriyet.edu.tr\/?page_id=2289"},"modified":"2025-03-20T11:32:24","modified_gmt":"2025-03-20T08:32:24","slug":"1832-2","status":"publish","type":"page","link":"https:\/\/pdo.cumhuriyet.edu.tr\/?page_id=2289","title":{"rendered":"1832"},"content":{"rendered":"<p><strong>Proje Tan\u0131m\u0131:<\/strong><\/p>\n<p>D\u00fcnya Bankas\u0131 deste\u011fiyle, Sanayi ve Teknoloji Bakanl\u0131\u011f\u0131\u2019n\u0131n koordinasyonunda T\u00dcB\u0130TAK ve KOSGEB taraf\u0131ndan y\u00fcr\u00fct\u00fclen T\u00fcrkiye Ye\u015fil Sanayi Projesi \u00e7er\u00e7evesinde, <strong>sanayinin ye\u015fil d\u00f6n\u00fc\u015f\u00fcm\u00fcn\u00fc desteklemek<\/strong> amac\u0131yla <strong>1832 Sanayide Ye\u015fil D\u00f6n\u00fc\u015f\u00fcm \u00c7a\u011fr\u0131s\u0131<\/strong> a\u00e7\u0131lm\u0131\u015ft\u0131r. Bu proje i\u00e7in <strong>450 milyon dolarl\u0131k finansman<\/strong> tahsis edilmi\u015ftir ve <strong>T\u00dcB\u0130TAK-TEYDEB<\/strong>, proje s\u00fcresince bu d\u00f6n\u00fc\u015f\u00fcm s\u00fcrecini destekleyecektir.<\/p>\n<p><strong>Destek Kapsam\u0131\/\u0130\u00e7eri\u011fi:<\/strong><\/p>\n<ul>\n<li><strong>Proje Kapsam\u0131:<\/strong><br \/>\n\u00c7a\u011fr\u0131ya sunulacak projelerin, daha \u00f6nce \u00fczerinde \u00e7al\u0131\u015fma yap\u0131lm\u0131\u015f <strong>Ar-Ge faaliyetlerinin devam\u0131 niteli\u011finde olmas\u0131<\/strong> Bu projeler, <strong>T\u00dcB\u0130TAK-TEYDEB<\/strong> veya <strong>KOSGEB destekleri<\/strong> ile y\u00fcr\u00fct\u00fclm\u00fc\u015f, belirli bir a\u015famaya gelmi\u015f ancak ticarile\u015ftirilmemi\u015f ve ticarile\u015fmesi i\u00e7in \u00fczerinde hala <strong>Ar-Ge \u00e7al\u0131\u015fmas\u0131 yap\u0131lmas\u0131 gereken<\/strong> \u00fcr\u00fcn veya hizmetleri i\u00e7eren \u00e7al\u0131\u015fmalar olacakt\u0131r. Ayr\u0131ca, kurulu\u015flar\u0131n kendi finansal kaynaklar\u0131 ile belirli bir a\u015famaya getirdi\u011fi ye\u015fil d\u00f6n\u00fc\u015f\u00fcm odakl\u0131 Ar-Ge ve yenilik \u00e7al\u0131\u015fmalar\u0131na da ba\u015fvuru yap\u0131labilecektir.<\/li>\n<li><strong>Destek Kapsam\u0131ndaki \u00c7al\u0131\u015fmalar:<\/strong><\/li>\n<li><strong>Prototip geli\u015ftirme veya iyile\u015ftirme<\/strong><\/li>\n<li><strong>Validasyon ve sertifikasyon testleri<\/strong><\/li>\n<li><strong>Yerinde uygulama, \u00f6l\u00e7eklendirme, demonstrasyon ve saha denemeleri<\/strong><br \/>\nBu \u00e7al\u0131\u015fmalar, T\u00fcrkiye Ye\u015fil Sanayi Projesi kapsam\u0131ndaki Ar-Ge ve Yenilik Konular\u0131 ile uyumlu olmal\u0131d\u0131r.<\/li>\n<li><strong>Ba\u015fvuru \u015eartlar\u0131:<\/strong><\/li>\n<li>\u00c7a\u011fr\u0131ya ba\u015fvuru yapabilecek kurulu\u015flar, <strong>tescil tarihi 2 y\u0131l ve \u00fczerinde olan<\/strong> KOB\u0130 ve b\u00fcy\u00fck \u00f6l\u00e7ekli kurulu\u015flar olacakt\u0131r. <strong>Spin-off\u2019lar ve T\u00dcB\u0130TAK 1512 ve\/veya 1812 deste\u011fi alarak kurulmu\u015f \u015firketler<\/strong> bu kapsamda de\u011fildir.<\/li>\n<li><strong>Ortakl\u0131 ba\u015fvuru<\/strong> yap\u0131labilecektir; en fazla <strong>\u00fc\u00e7 ortakl\u0131 ba\u015fvuru<\/strong> kabul edilecektir.<\/li>\n<li>Bir kurulu\u015f, \u00e7a\u011fr\u0131ya en fazla <strong>2 proje \u00f6nerisi<\/strong> ile ba\u015fvuru yapabilir.<\/li>\n<li><strong>Destek S\u00fcresi ve B\u00fct\u00e7e:<\/strong><\/li>\n<li><strong>Destek S\u00fcresi:<\/strong> En fazla <strong>24 ay<\/strong><\/li>\n<li><strong>Proje B\u00fct\u00e7esi \u00dcst Limiti:<\/strong>\n<ul>\n<li>Mikro\/k\u00fc\u00e7\u00fck \u00f6l\u00e7ekli firmalar i\u00e7in <strong>500.000 TL<\/strong><\/li>\n<li>Orta \u00f6l\u00e7ekli firmalar i\u00e7in <strong>000.000 TL<\/strong><\/li>\n<li>B\u00fcy\u00fck \u00f6l\u00e7ekli firmalar i\u00e7in <strong>000.000 TL<\/strong><\/li>\n<\/ul>\n<\/li>\n<li><strong>Geri \u00d6demeli Destek:<\/strong>\n<ul>\n<li><strong>Sermaye \u015firketlerine %50 geri \u00f6demeli faizsiz destek<\/strong> sa\u011flanacakt\u0131r.<\/li>\n<li>Geri \u00f6denecek deste\u011fin bir k\u0131sm\u0131 <strong>hibe deste\u011fine d\u00f6n\u00fc\u015ft\u00fcr\u00fclebilecektir.<\/strong><\/li>\n<li>Geri \u00f6deme, proje bittikten <strong>1 y\u0131l sonra<\/strong> ba\u015flayacakt\u0131r.<\/li>\n<\/ul>\n<\/li>\n<\/ul>\n<p><strong>Destek Kapsam\u0131:<\/strong><\/p>\n<p>Yararlan\u0131c\u0131 firmalar\u0131n projelerinin a\u011f\u0131rl\u0131kl\u0131 olarak mevcut bir Ar-Ge prototipi \u00fczerinde ileri geli\u015ftirme veya iyile\u015ftirme \u00e7al\u0131\u015fmalar\u0131, prototipin do\u011frulanmas\u0131 veya onaylanmas\u0131na y\u00f6nelik testler gibi ticarile\u015fmeye y\u00f6nelik teknoloji do\u011frulama \u00e7al\u0131\u015fmalar\u0131 y\u00fcr\u00fctmesi beklenmektedir. Bu \u00e7al\u0131\u015fmalar, daha \u00e7evreci \u00fcretime, enerji veya kaynak kullan\u0131m\u0131nda daha y\u00fcksek verimlili\u011fe katk\u0131da bulunan b\u00fcy\u00fck \u00f6l\u00e7ekli demonstrasyon ve pilot \u00fcretim faaliyetlerini de i\u00e7erebilir.<\/p>\n<h3><strong>Desteklenen Giderler<\/strong><\/h3>\n<ul>\n<li><strong>Personel giderleri<\/strong><\/li>\n<li><strong>Seyahat giderleri<\/strong><\/li>\n<li><strong>Dan\u0131\u015fmanl\u0131k giderleri<\/strong><\/li>\n<li><strong>Hizmet al\u0131m\u0131 giderleri<\/strong><\/li>\n<li>CE, kalite belgelendirme ve sertifikasyon giderleri desteklenebilir.<\/li>\n<li>Sermaye \u015firketlerinin ekonomik fizibilite raporu haz\u0131rlanmas\u0131 i\u00e7in hizmet almas\u0131 durumunda belirlenen tutar kadar destek sa\u011flan\u0131r.<\/li>\n<li>Proje kapsam\u0131nda sat\u0131n al\u0131nan her bir alet\/te\u00e7hizat proje s\u00fcresince sigortalanmal\u0131d\u0131r. Sigorta giderleri hizmet al\u0131m\u0131 kapsam\u0131nda proje b\u00fct\u00e7esine dahil edilebilir.<\/li>\n<li><strong>Alet, te\u00e7hizat, yaz\u0131l\u0131m, yay\u0131n al\u0131m giderleri<\/strong><\/li>\n<li><strong>Malzeme ve sarf giderleri<\/strong><\/li>\n<li><strong>Lisanslanan patentli teknolojilerin olgunla\u015ft\u0131r\u0131lmas\u0131 ve bu teknolojilerin yeni \u00fcr\u00fcn ve s\u00fcre\u00e7lere d\u00f6n\u00fc\u015ft\u00fcr\u00fclmesine y\u00f6nelik faaliyetler<\/strong><\/li>\n<\/ul>\n<h3><strong>Desteklenmeyen Giderler:<\/strong><\/h3>\n<ul>\n<li><strong>Ortakl\u0131 projelerde kurulu\u015flar\u0131n birbirinden ald\u0131\u011f\u0131 dan\u0131\u015fmanl\u0131k ve hizmet al\u0131m\u0131 giderleri<\/strong><\/li>\n<li><strong>Patent, faydal\u0131 model, tasar\u0131m, co\u011frafi i\u015faret ve marka tescil giderleri<\/strong> (Bu giderler i\u00e7in 1602 T\u00dcB\u0130TAK Patent Destek Program\u0131\u2019na ba\u015fvuru yap\u0131labilir.)<\/li>\n<li><strong>Kurulu\u015fun belirlenen \u00f6deme usullerine uygun olmayan harcamalar<\/strong><\/li>\n<\/ul>\n<h3><strong>\u00d6nemli Hususlar<\/strong><\/h3>\n<p><strong>Ba\u015fvuru ko\u015fullar\u0131:<\/strong><\/p>\n<ul>\n<li>Firmalar\u0131n tescil tarihi en az 2 y\u0131l olmal\u0131d\u0131r. (Spin-off\u2019lar ve T\u00dcB\u0130TAK 1512 ve\/veya 1812 deste\u011fi alarak kurulmu\u015f \u015firketler hari\u00e7.)<\/li>\n<li>Y\u00fcr\u00fct\u00fcc\u00fc kurulu\u015f en az %75 \u00f6zel sekt\u00f6r ortakl\u0131\u011f\u0131na sahip olmal\u0131d\u0131r.<\/li>\n<li>Proje desteklenirse, teminat sunulabilece\u011fine dair <strong>Referans Mektubu<\/strong> al\u0131nmal\u0131d\u0131r.<\/li>\n<li>Her kurulu\u015f i\u00e7in son 3 y\u0131l\u0131n ortalama aktif toplam\u0131 veya net sat\u0131\u015flar\u0131n\u0131n geri \u00f6demeli finansman de\u011ferinden b\u00fcy\u00fck olmas\u0131 gerekmektedir.<\/li>\n<li>\u00c7evresel ve Sosyal Risk Y\u00f6netimi Beyan Formunda belirtilen kriterlere uyulmal\u0131d\u0131r.<\/li>\n<\/ul>\n<h3><strong>Ye\u015fil D\u00f6n\u00fc\u015f\u00fcm G\u00f6stergeleri (YDG):<\/strong><\/h3>\n<p>Projenin ba\u015far\u0131yla tamamlanmas\u0131 i\u00e7in a\u015fa\u011f\u0131daki g\u00f6stergelerden <strong>en az biri<\/strong> sa\u011flanmal\u0131d\u0131r:<\/p>\n<ul>\n<li><strong>YDG 1:<\/strong> \u00dcretim birimi ba\u015f\u0131na elektrik t\u00fcketiminde azalma (%10 ve \u00fczeri)<\/li>\n<li><strong>YDG 2:<\/strong> \u00dcretim birimi ba\u015f\u0131na su t\u00fcketiminde azalma (%10 ve \u00fczeri)<\/li>\n<li><strong>YDG 3:<\/strong> Geri d\u00f6n\u00fc\u015ft\u00fcr\u00fclemeyen at\u0131k miktar\u0131nda azalma (%10 ve \u00fczeri)<\/li>\n<li><strong>YDG 4:<\/strong> Yenilik\u00e7i ye\u015fil teknoloji \u00e7\u00f6z\u00fcmlerinin geli\u015ftirilmesi<\/li>\n<\/ul>\n<p>Proje sonunda, bu g\u00f6stergelerden hedeflenenin nas\u0131l sa\u011fland\u0131\u011f\u0131 raporlanmal\u0131d\u0131r.<\/p>\n<h3><strong>\u00c7evresel ve Sosyal Politika<\/strong><\/h3>\n<p>Projeler, ulusal \u00e7evre mevzuat\u0131 ile <strong>D\u00fcnya Bankas\u0131 \u00c7evresel ve Sosyal Standartlar\u0131<\/strong>na uygun olmal\u0131d\u0131r. Bu do\u011frultuda, proje ba\u015fvurular\u0131nda <strong>\u00c7evresel ve Sosyal Risk Y\u00f6netimi Beyan Formu<\/strong> ile destekleyici belgelerin sunulmas\u0131 gerekmektedir.<\/p>\n<p><strong>\u00c7evre Konular\u0131:<\/strong><\/p>\n<ul>\n<li>\u00c7evresel etki de\u011ferlendirmesi (\u00c7ED) ve izin belgeleri<\/li>\n<li>At\u0131k y\u00f6netim prosed\u00fcrleri<\/li>\n<li>Enerji ve su kullan\u0131m raporlar\u0131<\/li>\n<li>\u00c7evresel izleme raporlar\u0131<\/li>\n<\/ul>\n<p><strong>\u0130\u015f Sa\u011fl\u0131\u011f\u0131 v<\/strong><strong>e G\u00fcven<\/strong><strong>li\u011fi:<\/strong><\/p>\n<ul>\n<li>6331 Say\u0131l\u0131 \u0130\u015f Sa\u011fl\u0131\u011f\u0131 ve G\u00fcvenli\u011fi Kanunu\u2019na uygunluk<\/li>\n<li>Risk de\u011ferlendirme dok\u00fcmanlar\u0131<\/li>\n<li>Acil durum eylem planlar\u0131<\/li>\n<li>\u0130\u015f g\u00fcvenli\u011fi uzman\u0131 ve i\u015fyeri hekimi atamalar\u0131<\/li>\n<li>ISO 45001 sertifikas\u0131 varsa ilgili belgeler<\/li>\n<\/ul>\n<p>Ba\u015fvurular\u0131n, <strong>D\u00fcnya Bankas\u0131 \u00c7evresel ve Sosyal \u00c7er\u00e7evesi<\/strong> ile uyumlu \u015fekilde haz\u0131rlanmas\u0131 gerekmektedir.<\/p>\n<p><a href=\"https:\/\/tubitak.gov.tr\/tr\">https:\/\/tubitak.gov.tr\/tr<\/a><\/p>\n","protected":false},"excerpt":{"rendered":"<p>Proje Tan\u0131m\u0131: D\u00fcnya Bankas\u0131 deste\u011fiyle, Sanayi ve Teknoloji Bakanl\u0131\u011f\u0131\u2019n\u0131n koordinasyonunda T\u00dcB\u0130TAK ve KOSGEB taraf\u0131ndan y\u00fcr\u00fct\u00fclen T\u00fcrkiye Ye\u015fil Sanayi Projesi \u00e7er\u00e7evesinde, sanayinin ye\u015fil d\u00f6n\u00fc\u015f\u00fcm\u00fcn\u00fc desteklemek amac\u0131yla 1832 Sanayide Ye\u015fil D\u00f6n\u00fc\u015f\u00fcm \u00c7a\u011fr\u0131s\u0131 a\u00e7\u0131lm\u0131\u015ft\u0131r. Bu proje i\u00e7in 450 milyon dolarl\u0131k finansman tahsis edilmi\u015ftir ve T\u00dcB\u0130TAK-TEYDEB, proje s\u00fcresince bu d\u00f6n\u00fc\u015f\u00fcm s\u00fcrecini destekleyecektir. Destek Kapsam\u0131\/\u0130\u00e7eri\u011fi: Proje Kapsam\u0131: \u00c7a\u011fr\u0131ya sunulacak projelerin, [&hellip;]<\/p>\n","protected":false},"author":1,"featured_media":0,"parent":2193,"menu_order":0,"comment_status":"closed","ping_status":"closed","template":"","meta":{"footnotes":""},"class_list":["post-2289","page","type-page","status-publish","hentry"],"_links":{"self":[{"href":"https:\/\/pdo.cumhuriyet.edu.tr\/index.php?rest_route=\/wp\/v2\/pages\/2289","targetHints":{"allow":["GET"]}}],"collection":[{"href":"https:\/\/pdo.cumhuriyet.edu.tr\/index.php?rest_route=\/wp\/v2\/pages"}],"about":[{"href":"https:\/\/pdo.cumhuriyet.edu.tr\/index.php?rest_route=\/wp\/v2\/types\/page"}],"author":[{"embeddable":true,"href":"https:\/\/pdo.cumhuriyet.edu.tr\/index.php?rest_route=\/wp\/v2\/users\/1"}],"replies":[{"embeddable":true,"href":"https:\/\/pdo.cumhuriyet.edu.tr\/index.php?rest_route=%2Fwp%2Fv2%2Fcomments&post=2289"}],"version-history":[{"count":2,"href":"https:\/\/pdo.cumhuriyet.edu.tr\/index.php?rest_route=\/wp\/v2\/pages\/2289\/revisions"}],"predecessor-version":[{"id":2344,"href":"https:\/\/pdo.cumhuriyet.edu.tr\/index.php?rest_route=\/wp\/v2\/pages\/2289\/revisions\/2344"}],"up":[{"embeddable":true,"href":"https:\/\/pdo.cumhuriyet.edu.tr\/index.php?rest_route=\/wp\/v2\/pages\/2193"}],"wp:attachment":[{"href":"https:\/\/pdo.cumhuriyet.edu.tr\/index.php?rest_route=%2Fwp%2Fv2%2Fmedia&parent=2289"}],"curies":[{"name":"wp","href":"https:\/\/api.w.org\/{rel}","templated":true}]}}