{"id":2271,"date":"2025-03-19T14:51:45","date_gmt":"2025-03-19T11:51:45","guid":{"rendered":"https:\/\/pdo.cumhuriyet.edu.tr\/?page_id=2271"},"modified":"2025-03-19T16:24:31","modified_gmt":"2025-03-19T13:24:31","slug":"1607-2","status":"publish","type":"page","link":"https:\/\/pdo.cumhuriyet.edu.tr\/?page_id=2271","title":{"rendered":"1607"},"content":{"rendered":"<h4><strong>Proje S\u00fcresi ve B\u00fct\u00e7e Bilgileri<\/strong><\/h4>\n<ul>\n<li><strong>Proje S\u00fcresi \u00dcst S\u0131n\u0131r\u0131:<\/strong> 30 ay<\/li>\n<li><strong>Proje B\u00fct\u00e7esi \u00dcst Limiti:<\/strong>500.000 TL (Genel gider dahil)<\/li>\n<li><strong>Destek Oran\u0131:<\/strong> %100<\/li>\n<li><strong>Genel Gider Deste\u011fi:<\/strong> %15<\/li>\n<li><strong>Transfer \u00d6demesi \u00dcst S\u0131n\u0131r\u0131:<\/strong> Proje b\u00fct\u00e7esinin %25\u2019i<\/li>\n<li><strong>Senetle Transfer \u00d6demesi \u00dcst S\u0131n\u0131r\u0131:<\/strong> Senetle \u00f6n \u00f6deme yap\u0131lmaz<\/li>\n<\/ul>\n<h4><strong>\u00c7a\u011fr\u0131 Amac\u0131:<\/strong><\/h4>\n<p>BiGG+ KOB\u0130 Mentor Aray\u00fcz\u00fc \u00c7a\u011fr\u0131s\u0131, KOB\u0130&#8217;lerin i\u015f geli\u015ftirme ve yenilik kapasitelerini art\u0131rmaya y\u00f6nelik mentorluk mekanizmalar\u0131 olu\u015fturulmas\u0131na ve bu mekanizmalar\u0131n y\u00fcr\u00fct\u00fclmesine y\u00f6nelik faaliyetlerin desteklenmesini hedeflemektedir. Bu \u00e7a\u011fr\u0131, \u00f6zellikle KOB\u0130&#8217;lerin \u00fcr\u00fcn ve hizmetlerinin ticarile\u015ftirilmesi, yeni pazarlara giri\u015f yapmalar\u0131 ve ihracat kapasitelerinin art\u0131r\u0131lmas\u0131 amac\u0131yla mentorluk mekanizmalar\u0131n\u0131n geli\u015ftirilip uygulanmas\u0131n\u0131 te\u015fvik etmektedir.<\/p>\n<h4><strong>Mentorluk Hizmetinin Beklenen Etkileri:<\/strong><\/h4>\n<p>KOB\u0130\u2019lere verilen mentorluk hizmetinin iki ana boyutta etkisi olmas\u0131 beklenmektedir:<\/p>\n<ol>\n<li><strong>Ticari Olgunluk Seviyesinde Art\u0131\u015f:<\/strong> Firmalar\u0131n \u00fcr\u00fcn geli\u015ftirme a\u015famas\u0131nda sat\u0131\u015f yapmas\u0131, mevcut pazar pay\u0131nda art\u0131\u015f sa\u011flamas\u0131 ve ihracat yapmas\u0131 gibi hedeflere ula\u015f\u0131lmas\u0131 beklenmektedir.<\/li>\n<li><strong>Ar-Ge ve Yenilik Kapasitesinde Art\u0131\u015f:<\/strong> Yenilik faaliyetlerinin s\u00fcreklili\u011finin sa\u011flanmas\u0131 ve kurumsal d\u00fczeyde y\u00fcr\u00fct\u00fclmesi beklenen geli\u015fmeler aras\u0131ndad\u0131r.<\/li>\n<\/ol>\n<h4><strong>Geli\u015fme Beklenen Alanlar:<\/strong><\/h4>\n<p>Mentorluk hizmeti alan KOB\u0130\u2019lerin a\u015fa\u011f\u0131daki alanlarda geli\u015fme g\u00f6stermesi hedeflenmektedir:<\/p>\n<ul>\n<li>Ciroda art\u0131\u015f<\/li>\n<li>Mevcut pazar pay\u0131nda art\u0131\u015f<\/li>\n<li>Yeni pazarlara giri\u015f<\/li>\n<li>Yurtd\u0131\u015f\u0131na sat\u0131\u015f yapma veya mevcut yurtd\u0131\u015f\u0131 sat\u0131\u015flar\u0131nda art\u0131\u015f sa\u011flama<\/li>\n<\/ul>\n<h4><strong>\u0130\u015f birli\u011fi Yap\u0131lacak Kurum ve Kurulu\u015flar:<\/strong><\/h4>\n<p>Proje faaliyetlerinde sekt\u00f6re ve\/veya b\u00f6lgeye odaklan\u0131lmas\u0131 ve a\u015fa\u011f\u0131daki gibi kurum ve kurulu\u015flarla i\u015f birli\u011fi yap\u0131lmas\u0131 \u00f6nerilmektedir:<\/p>\n<ul>\n<li>Kalk\u0131nma Ajanslar\u0131<\/li>\n<li>Ticaret ve Sanayi Odalar\u0131<\/li>\n<li>\u0130hracat\u00e7\u0131 Birlikleri<\/li>\n<li>Mesleki ve Sekt\u00f6rel Sivil Toplum Kurulu\u015flar\u0131<\/li>\n<li>Organize Sanayi B\u00f6lgeleri<\/li>\n<li>Teknoloji Geli\u015ftirme B\u00f6lgesi Y\u00f6netici \u015eirketleri<\/li>\n<\/ul>\n<p><a href=\"https:\/\/tubitak.gov.tr\/tr\">https:\/\/tubitak.gov.tr\/tr<\/a><\/p>\n","protected":false},"excerpt":{"rendered":"<p>Proje S\u00fcresi ve B\u00fct\u00e7e Bilgileri Proje S\u00fcresi \u00dcst S\u0131n\u0131r\u0131: 30 ay Proje B\u00fct\u00e7esi \u00dcst Limiti:500.000 TL (Genel gider dahil) Destek Oran\u0131: %100 Genel Gider Deste\u011fi: %15 Transfer \u00d6demesi \u00dcst S\u0131n\u0131r\u0131: Proje b\u00fct\u00e7esinin %25\u2019i Senetle Transfer \u00d6demesi \u00dcst S\u0131n\u0131r\u0131: Senetle \u00f6n \u00f6deme yap\u0131lmaz \u00c7a\u011fr\u0131 Amac\u0131: BiGG+ KOB\u0130 Mentor Aray\u00fcz\u00fc \u00c7a\u011fr\u0131s\u0131, KOB\u0130&#8217;lerin i\u015f geli\u015ftirme ve yenilik kapasitelerini [&hellip;]<\/p>\n","protected":false},"author":1,"featured_media":0,"parent":2193,"menu_order":0,"comment_status":"closed","ping_status":"closed","template":"","meta":{"footnotes":""},"class_list":["post-2271","page","type-page","status-publish","hentry"],"_links":{"self":[{"href":"https:\/\/pdo.cumhuriyet.edu.tr\/index.php?rest_route=\/wp\/v2\/pages\/2271","targetHints":{"allow":["GET"]}}],"collection":[{"href":"https:\/\/pdo.cumhuriyet.edu.tr\/index.php?rest_route=\/wp\/v2\/pages"}],"about":[{"href":"https:\/\/pdo.cumhuriyet.edu.tr\/index.php?rest_route=\/wp\/v2\/types\/page"}],"author":[{"embeddable":true,"href":"https:\/\/pdo.cumhuriyet.edu.tr\/index.php?rest_route=\/wp\/v2\/users\/1"}],"replies":[{"embeddable":true,"href":"https:\/\/pdo.cumhuriyet.edu.tr\/index.php?rest_route=%2Fwp%2Fv2%2Fcomments&post=2271"}],"version-history":[{"count":2,"href":"https:\/\/pdo.cumhuriyet.edu.tr\/index.php?rest_route=\/wp\/v2\/pages\/2271\/revisions"}],"predecessor-version":[{"id":2334,"href":"https:\/\/pdo.cumhuriyet.edu.tr\/index.php?rest_route=\/wp\/v2\/pages\/2271\/revisions\/2334"}],"up":[{"embeddable":true,"href":"https:\/\/pdo.cumhuriyet.edu.tr\/index.php?rest_route=\/wp\/v2\/pages\/2193"}],"wp:attachment":[{"href":"https:\/\/pdo.cumhuriyet.edu.tr\/index.php?rest_route=%2Fwp%2Fv2%2Fmedia&parent=2271"}],"curies":[{"name":"wp","href":"https:\/\/api.w.org\/{rel}","templated":true}]}}