{"id":2249,"date":"2025-03-19T14:40:05","date_gmt":"2025-03-19T11:40:05","guid":{"rendered":"https:\/\/pdo.cumhuriyet.edu.tr\/?page_id=2249"},"modified":"2025-03-19T16:11:06","modified_gmt":"2025-03-19T13:11:06","slug":"1505-2","status":"publish","type":"page","link":"https:\/\/pdo.cumhuriyet.edu.tr\/?page_id=2249","title":{"rendered":"1505"},"content":{"rendered":"<p><strong>Program\u0131n Amac\u0131:<\/strong><\/p>\n<p>Bu program, \u00fcniversiteler, kamu ara\u015ft\u0131rma merkezleri ve enstit\u00fclerinin bilgi birikimi ve teknolojilerini, T\u00fcrkiye\u2019deki sermaye \u015firketlerinin ihtiya\u00e7lar\u0131 do\u011frultusunda ticarile\u015ftirerek sanayiye aktarmay\u0131 ama\u00e7lamaktad\u0131r. Proje, yeni bir \u00fcr\u00fcn \u00fcretme, mevcut \u00fcr\u00fcnleri geli\u015ftirme ya da iyile\u015ftirme, \u00fcr\u00fcn kalitesini art\u0131rma veya maliyet d\u00fc\u015f\u00fcr\u00fcc\u00fc yeni tekniklerin geli\u015ftirilmesini i\u00e7erebilir.<\/p>\n<p><strong>Proje S\u00fcresi \/ Destek Durumlar\u0131:<\/strong><\/p>\n<p>Proje s\u00fcresi \u00fcst s\u0131n\u0131r\u0131 24 ay olarak belirlenmi\u015ftir.<\/p>\n<ul>\n<li><strong>Proje B\u00fct\u00e7esi \u00dcst Limiti:<\/strong><\/li>\n<li>T\u00dcB\u0130TAK taraf\u0131ndan kar\u015f\u0131lanacak k\u0131sm\u0131: 1.500.000 TL (PT\u0130 ve kurum hissesi hari\u00e7, proje b\u00fct\u00e7esinin geri kalan k\u0131sm\u0131 m\u00fc\u015fteri kurulu\u015f taraf\u0131ndan kar\u015f\u0131lan\u0131r).<\/li>\n<li><strong>Destek Oran\u0131:<\/strong><\/li>\n<li><strong>KOB\u0130:<\/strong> M\u00fc\u015fteri kurulu\u015fun KOB\u0130 olmas\u0131 durumunda: %75 T\u00dcB\u0130TAK, %25 M\u00fc\u015fteri kurulu\u015f.<\/li>\n<li><strong>B\u00dcY\u00dcK:<\/strong> M\u00fc\u015fteri kurulu\u015fun b\u00fcy\u00fck \u00f6l\u00e7ekli olmas\u0131 durumunda: %60 T\u00dcB\u0130TAK, %40 M\u00fc\u015fteri kurulu\u015f.<\/li>\n<\/ul>\n<p><strong>Bursiyer Destekleri:<\/strong><\/p>\n<ul>\n<li><strong>Bursiyer Durumu:<\/strong><\/li>\n<li>Bursiyer herhangi bir yerde \u00fccret kar\u015f\u0131l\u0131\u011f\u0131 \u00e7al\u0131\u015fm\u0131yorsa, desteklenen tutar ayl\u0131k olarak:\n<ul>\n<li>\u00d6n Lisans\/Lisans \u00d6\u011frencisi: 8.750 TL\/ay<\/li>\n<li>Y\u00fcksek Lisans \u00d6\u011frencisi: 5.000 TL\/ay<\/li>\n<li>Doktora \u00d6\u011frencisi: 5.000 TL\/ay<\/li>\n<li>Doktora Sonras\u0131 Ara\u015ft\u0131rmac\u0131: 4.000 TL\/ay<\/li>\n<\/ul>\n<\/li>\n<li>Bursiyer herhangi bir yerde \u00fccretli \u00e7al\u0131\u015f\u0131yorsa, desteklenen tutar ayl\u0131k olarak:\n<ul>\n<li>Y\u00fcksek Lisans \u00d6\u011frencisi: 13.500 TL\/ay<\/li>\n<li>Doktora \u00d6\u011frencisi: 20.000 TL\/ay<\/li>\n<li>Doktora Sonras\u0131 Ara\u015ft\u0131rmac\u0131: 27.000 TL\/ay<\/li>\n<\/ul>\n<\/li>\n<\/ul>\n<p><strong>Seyahat Giderleri:<\/strong><\/p>\n<ul>\n<li><strong>Ula\u015f\u0131m Giderleri:<\/strong><\/li>\n<li>Seyahatlerde u\u00e7ak dahil ekonomi s\u0131n\u0131f\u0131 ula\u015f\u0131m giderleri desteklenir.<\/li>\n<li>\u00d6zel oto kullan\u0131lmas\u0131 halinde, yol giderinin hesaplanmas\u0131nda her 100 km i\u00e7in 6 litre kur\u015funsuz benzin \u00fccreti esas al\u0131n\u0131r.<\/li>\n<li>Yurtd\u0131\u015f\u0131 seyahatlerinde mutad ara\u00e7 giderleri \u00f6denir.<\/li>\n<\/ul>\n<p><strong>G\u00fcndelik ve Konaklama Destekleri:<\/strong><\/p>\n<ul>\n<li><strong>G\u00fcndelik:<\/strong><\/li>\n<li>Proje y\u00fcr\u00fct\u00fcc\u00fcs\u00fc ve ara\u015ft\u0131rmac\u0131lar i\u00e7in: 480 TL\/g\u00fcn (en y\u00fcksek devlet memuruna \u00f6denen g\u00fcndelik tutar\u0131 kadar).<\/li>\n<li>Yard\u0131mc\u0131 personel ve di\u011fer personel i\u00e7in: 480 TL\/g\u00fcn (en y\u00fcksek devlet memuruna \u00f6denen g\u00fcndelik tutar\u0131 kadar).<\/li>\n<li><strong>Konaklama:<\/strong><\/li>\n<li>Belgelenmesi kayd\u0131yla konaklama giderleri kar\u015f\u0131lan\u0131r.<\/li>\n<li>Yurtd\u0131\u015f\u0131nda, g\u00fcndeli\u011fin en fazla iki kat\u0131 kadar destek verilir.<\/li>\n<li><strong>\u00d6n \u00d6deme \u00dcst Limitleri:<\/strong><\/li>\n<li>Yurt i\u00e7i al\u0131mlarda: 200.000 TL<\/li>\n<li>Yurt d\u0131\u015f\u0131 al\u0131mlarda: 400.000 TL<\/li>\n<\/ul>\n<p><strong>Proje Te\u015fvik \u0130kramiyesi:<\/strong><\/p>\n<ul>\n<li><strong>Te\u015fvik \u0130kramiyesi:<\/strong><\/li>\n<li>6 ayl\u0131k d\u00f6nemlerin teknik de\u011ferlendirmesi sonras\u0131nda, proje ekibindeki ara\u015ft\u0131rmac\u0131lara \u00f6deme yap\u0131lacakt\u0131r.<\/li>\n<\/ul>\n<p><strong>Desteklenen Gider Kalemleri:<\/strong><\/p>\n<ol>\n<li>Personel Giderleri<\/li>\n<li>S\u00f6zle\u015fmeli Personel<\/li>\n<li>Bursiyer Giderleri<\/li>\n<li>Seyahat Giderleri<\/li>\n<li>Alet\/Te\u00e7hizat\/Yaz\u0131l\u0131m\/Yay\u0131n Al\u0131mlar\u0131<\/li>\n<li>Hizmet Al\u0131mlar\u0131<\/li>\n<li>Malzeme Al\u0131mlar\u0131<\/li>\n<\/ol>\n<p><strong>Proje Ba\u015fvurusu \u015eartlar\u0131 ve De\u011ferlendirme Kriterleri:<\/strong><\/p>\n<ul>\n<li><strong>Ba\u015fvuru Yapabilecek Kurulu\u015flar:<\/strong><\/li>\n<li>T\u00fcrkiye\u2019de yerle\u015fik ve proje sonu\u00e7lar\u0131n\u0131 T\u00fcrkiye\u2019de uygulamay\u0131 taahh\u00fct eden sermaye \u015firketleri ile \u00fcniversiteler, vak\u0131f \u00fcniversiteleri, e\u011fitim ve ara\u015ft\u0131rma hastaneleri ve kamu ara\u015ft\u0131rma merkez ve enstit\u00fcleri ortak ba\u015fvuru yapabilecektir.<\/li>\n<li><strong>De\u011ferlendirme Kriterleri:<\/strong><\/li>\n<li>Proje \u00f6nerileri a\u015fa\u011f\u0131daki \u00fc\u00e7 boyutta de\u011ferlendirilmektedir:\n<ul>\n<li>End\u00fcstriyel Ar-Ge \u0130\u00e7eri\u011fi, Teknoloji D\u00fczeyi, Yenilik\u00e7i Y\u00f6n\u00fc<\/li>\n<li>Proje Plan\u0131n\u0131n ve Kurulu\u015f Altyap\u0131s\u0131n\u0131n Proje \u0130\u00e7in Uygunlu\u011fu<\/li>\n<li>Proje \u00c7\u0131kt\u0131lar\u0131n\u0131n Ekonomik Yarara ve Ulusal Kazan\u0131ma D\u00f6n\u00fc\u015febilirli\u011fi<\/li>\n<\/ul>\n<\/li>\n<\/ul>\n<p><strong>Hakem De\u011ferlendirme S\u00fcreci:<\/strong><\/p>\n<ul>\n<li>Projeler, konular\u0131nda uzman hakemler taraf\u0131ndan de\u011ferlendirilecektir.<\/li>\n<li>Hakem de\u011ferlendirme raporlar\u0131 ve ilgili Grup Y\u00fcr\u00fctme Kurulu karar\u0131na g\u00f6re nihai de\u011ferlendirme yap\u0131lacakt\u0131r.<\/li>\n<\/ul>\n<p><strong>Proje \u0130zleme ve Sonu\u00e7land\u0131rma:<\/strong><\/p>\n<ul>\n<li>Proje destek karar yaz\u0131s\u0131nda belirtilen raporlama takvimine g\u00f6re alt\u0131\u015far ayl\u0131k d\u00f6nemler halinde izlenecek ve desteklenecektir.<\/li>\n<li>Projenin sonunda, kurulu\u015f taraf\u0131ndan proje sonu\u00e7 raporu sunulacakt\u0131r.<\/li>\n<\/ul>\n<p><strong>\u00d6nemli Hususlar:<\/strong><\/p>\n<ul>\n<li>T\u00dcB\u0130TAK\u2019a proje ba\u015fvurusu yap\u0131lmadan \u00f6nce m\u00fc\u015fteri ve y\u00fcr\u00fct\u00fcc\u00fc kurulu\u015f aras\u0131nda asgari \u015fartlar\u0131 i\u00e7eren bir i\u015f birli\u011fi s\u00f6zle\u015fmesi imzalanmal\u0131d\u0131r.<\/li>\n<li>\u0130lk defa ba\u015fvuru yapan y\u00fcr\u00fct\u00fcc\u00fclere hakem de\u011ferlendirme s\u00fcrecinde +5 puan ilave edilir.<\/li>\n<li>\u0130lave puan, ortalama hakem puan\u0131 \u00fczerine eklenir.<\/li>\n<\/ul>\n<p><a href=\"https:\/\/tubitak.gov.tr\/tr\">https:\/\/tubitak.gov.tr\/tr<\/a><\/p>\n","protected":false},"excerpt":{"rendered":"<p>Program\u0131n Amac\u0131: Bu program, \u00fcniversiteler, kamu ara\u015ft\u0131rma merkezleri ve enstit\u00fclerinin bilgi birikimi ve teknolojilerini, T\u00fcrkiye\u2019deki sermaye \u015firketlerinin ihtiya\u00e7lar\u0131 do\u011frultusunda ticarile\u015ftirerek sanayiye aktarmay\u0131 ama\u00e7lamaktad\u0131r. Proje, yeni bir \u00fcr\u00fcn \u00fcretme, mevcut \u00fcr\u00fcnleri geli\u015ftirme ya da iyile\u015ftirme, \u00fcr\u00fcn kalitesini art\u0131rma veya maliyet d\u00fc\u015f\u00fcr\u00fcc\u00fc yeni tekniklerin geli\u015ftirilmesini i\u00e7erebilir. Proje S\u00fcresi \/ Destek Durumlar\u0131: Proje s\u00fcresi \u00fcst s\u0131n\u0131r\u0131 24 ay [&hellip;]<\/p>\n","protected":false},"author":1,"featured_media":0,"parent":2193,"menu_order":0,"comment_status":"closed","ping_status":"closed","template":"","meta":{"footnotes":""},"class_list":["post-2249","page","type-page","status-publish","hentry"],"_links":{"self":[{"href":"https:\/\/pdo.cumhuriyet.edu.tr\/index.php?rest_route=\/wp\/v2\/pages\/2249","targetHints":{"allow":["GET"]}}],"collection":[{"href":"https:\/\/pdo.cumhuriyet.edu.tr\/index.php?rest_route=\/wp\/v2\/pages"}],"about":[{"href":"https:\/\/pdo.cumhuriyet.edu.tr\/index.php?rest_route=\/wp\/v2\/types\/page"}],"author":[{"embeddable":true,"href":"https:\/\/pdo.cumhuriyet.edu.tr\/index.php?rest_route=\/wp\/v2\/users\/1"}],"replies":[{"embeddable":true,"href":"https:\/\/pdo.cumhuriyet.edu.tr\/index.php?rest_route=%2Fwp%2Fv2%2Fcomments&post=2249"}],"version-history":[{"count":2,"href":"https:\/\/pdo.cumhuriyet.edu.tr\/index.php?rest_route=\/wp\/v2\/pages\/2249\/revisions"}],"predecessor-version":[{"id":2323,"href":"https:\/\/pdo.cumhuriyet.edu.tr\/index.php?rest_route=\/wp\/v2\/pages\/2249\/revisions\/2323"}],"up":[{"embeddable":true,"href":"https:\/\/pdo.cumhuriyet.edu.tr\/index.php?rest_route=\/wp\/v2\/pages\/2193"}],"wp:attachment":[{"href":"https:\/\/pdo.cumhuriyet.edu.tr\/index.php?rest_route=%2Fwp%2Fv2%2Fmedia&parent=2249"}],"curies":[{"name":"wp","href":"https:\/\/api.w.org\/{rel}","templated":true}]}}