{"id":2202,"date":"2025-03-19T13:14:40","date_gmt":"2025-03-19T10:14:40","guid":{"rendered":"https:\/\/pdo.cumhuriyet.edu.tr\/?page_id=2202"},"modified":"2025-03-19T15:51:11","modified_gmt":"2025-03-19T12:51:11","slug":"tubitak-1003-oncelikli-alanlar-ar-ge-projeleri-destekleme-programi","status":"publish","type":"page","link":"https:\/\/pdo.cumhuriyet.edu.tr\/?page_id=2202","title":{"rendered":"1003"},"content":{"rendered":"<p><strong>Ama\u00e7:<\/strong><br \/>\nBu program, Ulusal Bilim, Teknoloji ve Yenilik Stratejisi \u00e7er\u00e7evesinde belirlenen \u00f6ncelikli alanlarda y\u00fcr\u00fct\u00fclecek Ar-Ge projelerini desteklemeyi hedeflemektedir. Bilimsel ve teknolojik geli\u015fmeleri desteklemek, ara\u015ft\u0131rma ve geli\u015ftirme faaliyetlerinin izlenebilir, sonu\u00e7 odakl\u0131 bir \u015fekilde ilerlemesini sa\u011flamak, ayr\u0131ca bu projeler aras\u0131nda koordinasyon sa\u011flamakt\u0131r. Bu kapsamda, projelerin sonu\u00e7lar\u0131, \u00fclkenin bilim ve teknoloji altyap\u0131s\u0131na katk\u0131 sa\u011flamak amac\u0131yla \u00f6n planda tutulacakt\u0131r.<\/p>\n<p><strong>Proje S\u00fcresi:<\/strong><\/p>\n<p>Projelerin s\u00fcreleri, projenin b\u00fcy\u00fckl\u00fc\u011f\u00fcne ve kapsam\u0131na g\u00f6re farkl\u0131l\u0131k g\u00f6stermektedir. K\u00fc\u00e7\u00fck \u00f6l\u00e7ekli projeler en fazla 24 ay s\u00fcrebilirken, orta ve b\u00fcy\u00fck \u00f6l\u00e7ekli projeler en fazla 36 ay boyunca desteklenebilir.<\/p>\n<p><strong>Proje B\u00fct\u00e7esi:<\/strong><\/p>\n<p>Desteklenen projelerin b\u00fct\u00e7eleri de projelerin b\u00fcy\u00fckl\u00fc\u011f\u00fcne g\u00f6re belirlenmi\u015ftir. K\u00fc\u00e7\u00fck \u00f6l\u00e7ekli projeler i\u00e7in 750.000 TL\u2019ye kadar b\u00fct\u00e7e ayr\u0131l\u0131rken, orta \u00f6l\u00e7ekli projeler i\u00e7in bu limit 1.500.000 TL\u2019ye, b\u00fcy\u00fck \u00f6l\u00e7ekli projeler i\u00e7inse 3.750.000 TL\u2019ye kadar \u00e7\u0131kabilmektedir. Her proje, kendi \u00f6zel ihtiya\u00e7lar\u0131na ve hedeflerine g\u00f6re finansal olarak \u015fekillendirilecektir.<\/p>\n<p><strong>Projelerin \u0130zlenmesi:<\/strong><\/p>\n<p>Projenin ilerlemesi, belirlenen hedeflere uygun \u015fekilde y\u00fcr\u00fct\u00fcl\u00fcp y\u00fcr\u00fct\u00fclmedi\u011fini de\u011ferlendirmek amac\u0131yla, proje y\u00fcr\u00fct\u00fcc\u00fcs\u00fc taraf\u0131ndan haz\u0131rlanan geli\u015fme raporlar\u0131yla izlenir. Geli\u015fme raporlar\u0131, s\u00f6zle\u015fmeye g\u00f6re alt\u0131 aydan k\u0131sa ve bir y\u0131ldan uzun olmayan d\u00f6nemlerde haz\u0131rlan\u0131r ve T\u00dcB\u0130TAK\u2019a g\u00f6nderilir. T\u00dcB\u0130TAK, gerekti\u011finde yerinde inceleme yapabilir ve proje izleyicisi atayarak, projenin bilimsel, teknik, idari ve mali y\u00f6nlerini denetleyebilir.<\/p>\n<p><strong>Fikri ve S\u0131nai M\u00fclkiyet Haklar\u0131:<\/strong><\/p>\n<p>Bu programda desteklenen projelerde fikri m\u00fclkiyet haklar\u0131, &#8220;Proje Te\u015fvik ve Destekleme Esaslar\u0131na \u0130li\u015fkin Y\u00f6netmelik&#8221; h\u00fck\u00fcmlerine g\u00f6re belirlenir. \u00d6zel kurulu\u015flar\u0131n yer ald\u0131\u011f\u0131 projelerde fikri haklar, ilgili kurulu\u015fun ekip \u00fcyelerinin oranlar\u0131na g\u00f6re payla\u015f\u0131l\u0131r. Ortak projelerde ise i\u015f birli\u011fi protokollerinde belirtilen h\u00fck\u00fcmler ge\u00e7erlidir. Ayr\u0131ca, belirlenen kriterlere uymayan proje \u00f6nerileri bilimsel de\u011ferlendirmeye al\u0131nmadan iade edilir.<\/p>\n<p><strong>Ba\u015fvuru Ko\u015fullar\u0131:<\/strong><\/p>\n<p>Projeler, belirtilen formatta ve eksiksiz bir \u015fekilde sunulmal\u0131d\u0131r. Ayr\u0131ca, proje y\u00fcr\u00fct\u00fcc\u00fcs\u00fcn\u00fcn ve ekibinin ARB\u0130S sistemine kayd\u0131n\u0131n yap\u0131lm\u0131\u015f ve bilgilerin g\u00fcncel olmas\u0131 gerekmektedir. Ba\u015fvurulan projelerin, daha \u00f6nce sunulmam\u0131\u015f ve \u00f6zg\u00fcn olmas\u0131 gerekti\u011fi unutulmamal\u0131d\u0131r. Ba\u015fvurular, sadece ara\u015ft\u0131rma projeleri i\u00e7in ge\u00e7erlidir ve rutin \u00e7al\u0131\u015fmalara y\u00f6nelik olmamal\u0131d\u0131r.<\/p>\n<p><strong>Kiml<\/strong><strong>er Ba\u015fvurabilir?<\/strong><\/p>\n<ul>\n<li><strong>Proje Y\u00fcr\u00fct\u00fcc\u00fcs\u00fc:<\/strong><\/li>\n<li>Doktora veya e\u015fde\u011fer dereceye sahip olmal\u0131.<\/li>\n<li>Y\u00fcksek\u00f6\u011fretim kurumu, kamu kurumu veya \u00f6zel kurulu\u015fta kadrolu\/tam zamanl\u0131 \u00e7al\u0131\u015fmal\u0131.<\/li>\n<li>\u00d6zel kurulu\u015fta en az alt\u0131 ay g\u00f6rev yapm\u0131\u015f olmal\u0131.<\/li>\n<li>Emekliler, PT\u0130 almadan proje y\u00fcr\u00fct\u00fcc\u00fcs\u00fc olabilir.<\/li>\n<li>T\u00fcrkiye s\u0131n\u0131rlar\u0131nda ikamet etmeli.<\/li>\n<li><strong>Ara\u015ft\u0131rmac\u0131 ve Dan\u0131\u015fman:<\/strong><\/li>\n<li>En az d\u00f6rt y\u0131ll\u0131k \u00fcniversite e\u011fitimi ve kadrolu\/tam zamanl\u0131 \u00e7al\u0131\u015fan personel olmal\u0131.<\/li>\n<li>Emekliler, PT\u0130 almadan ara\u015ft\u0131rmac\u0131\/dan\u0131\u015fman olabilir.<\/li>\n<li>Dan\u0131\u015fmanlar, \u00f6zel uzmanl\u0131k gerektiren konularda g\u00f6rev al\u0131r.<\/li>\n<li><strong>Yurt D\u0131\u015f\u0131 Ara\u015ft\u0131rmac\u0131:<\/strong><\/li>\n<li>T\u00fcrkiye&#8217;deki ara\u015ft\u0131rmac\u0131lar\u0131n yetkinli\u011finin s\u0131n\u0131rl\u0131 oldu\u011fu konularda g\u00f6rev almal\u0131.<\/li>\n<li>T\u00fcrkiye&#8217;ye en az bir kez, 30 g\u00fcn veya daha uzun s\u00fcre gelmeli.<\/li>\n<li>Seyahat masraflar\u0131 ve maa\u015flar\u0131n\u0131n %50\u2019si projeden kar\u015f\u0131lan\u0131r.<\/li>\n<li>Yurt d\u0131\u015f\u0131 ara\u015ft\u0131rmac\u0131 say\u0131s\u0131 bir ki\u015fi ile s\u0131n\u0131rl\u0131d\u0131r.<\/li>\n<li><strong>Yurt D\u0131\u015f\u0131 Dan\u0131\u015fman:<\/strong><\/li>\n<li>Yurt d\u0131\u015f\u0131nda ikamet eden, PT\u0130 ve \u00fccret almayan ki\u015filer dan\u0131\u015fman olabilir.<\/li>\n<li>T\u00fcrkiye&#8217;ye gelmeleri gerekmez.<\/li>\n<li><strong>Bursiyer:<\/strong><\/li>\n<li>Lisans, lisans\u00fcst\u00fc \u00f6\u011frencileri ve doktora sonras\u0131 ara\u015ft\u0131rmac\u0131lar bursiyer olabilir.<\/li>\n<li>Lisans bursiyerleri herhangi bir kurumda \u00e7al\u0131\u015famaz.<\/li>\n<li>Doktora sonras\u0131 ara\u015ft\u0131rmac\u0131lar, doktora sonras\u0131 7 y\u0131l i\u00e7inde projede g\u00f6rev alabilir.<\/li>\n<\/ul>\n<p><a href=\"https:\/\/tubitak.gov.tr\/tr\">https:\/\/tubitak.gov.tr\/tr<\/a><\/p>\n","protected":false},"excerpt":{"rendered":"<p>Ama\u00e7: Bu program, Ulusal Bilim, Teknoloji ve Yenilik Stratejisi \u00e7er\u00e7evesinde belirlenen \u00f6ncelikli alanlarda y\u00fcr\u00fct\u00fclecek Ar-Ge projelerini desteklemeyi hedeflemektedir. Bilimsel ve teknolojik geli\u015fmeleri desteklemek, ara\u015ft\u0131rma ve geli\u015ftirme faaliyetlerinin izlenebilir, sonu\u00e7 odakl\u0131 bir \u015fekilde ilerlemesini sa\u011flamak, ayr\u0131ca bu projeler aras\u0131nda koordinasyon sa\u011flamakt\u0131r. Bu kapsamda, projelerin sonu\u00e7lar\u0131, \u00fclkenin bilim ve teknoloji altyap\u0131s\u0131na katk\u0131 sa\u011flamak amac\u0131yla \u00f6n planda tutulacakt\u0131r. [&hellip;]<\/p>\n","protected":false},"author":1,"featured_media":0,"parent":2188,"menu_order":0,"comment_status":"closed","ping_status":"closed","template":"","meta":{"footnotes":""},"class_list":["post-2202","page","type-page","status-publish","hentry"],"_links":{"self":[{"href":"https:\/\/pdo.cumhuriyet.edu.tr\/index.php?rest_route=\/wp\/v2\/pages\/2202","targetHints":{"allow":["GET"]}}],"collection":[{"href":"https:\/\/pdo.cumhuriyet.edu.tr\/index.php?rest_route=\/wp\/v2\/pages"}],"about":[{"href":"https:\/\/pdo.cumhuriyet.edu.tr\/index.php?rest_route=\/wp\/v2\/types\/page"}],"author":[{"embeddable":true,"href":"https:\/\/pdo.cumhuriyet.edu.tr\/index.php?rest_route=\/wp\/v2\/users\/1"}],"replies":[{"embeddable":true,"href":"https:\/\/pdo.cumhuriyet.edu.tr\/index.php?rest_route=%2Fwp%2Fv2%2Fcomments&post=2202"}],"version-history":[{"count":3,"href":"https:\/\/pdo.cumhuriyet.edu.tr\/index.php?rest_route=\/wp\/v2\/pages\/2202\/revisions"}],"predecessor-version":[{"id":2314,"href":"https:\/\/pdo.cumhuriyet.edu.tr\/index.php?rest_route=\/wp\/v2\/pages\/2202\/revisions\/2314"}],"up":[{"embeddable":true,"href":"https:\/\/pdo.cumhuriyet.edu.tr\/index.php?rest_route=\/wp\/v2\/pages\/2188"}],"wp:attachment":[{"href":"https:\/\/pdo.cumhuriyet.edu.tr\/index.php?rest_route=%2Fwp%2Fv2%2Fmedia&parent=2202"}],"curies":[{"name":"wp","href":"https:\/\/api.w.org\/{rel}","templated":true}]}}