{"id":2199,"date":"2025-03-19T13:10:07","date_gmt":"2025-03-19T10:10:07","guid":{"rendered":"https:\/\/pdo.cumhuriyet.edu.tr\/?page_id=2199"},"modified":"2025-03-19T15:43:58","modified_gmt":"2025-03-19T12:43:58","slug":"tubitak-1001-bilimsel-ve-teknolojik-arastirma-projelerini-destekleme-programi","status":"publish","type":"page","link":"https:\/\/pdo.cumhuriyet.edu.tr\/?page_id=2199","title":{"rendered":"1001"},"content":{"rendered":"<p><strong>Ama\u00e7:<\/strong><\/p>\n<p>Bu program, <strong>bilimsel bilgi \u00fcretimi, teknolojik problemlerin \u00e7\u00f6z\u00fcm\u00fc ve bilimsel analizlerin yap\u0131lmas\u0131<\/strong> amac\u0131yla y\u00fcr\u00fct\u00fclecek projelere mali destek sa\u011flamaktad\u0131r.<\/p>\n<p><strong>Proje S\u00fcresi:<\/strong><\/p>\n<p>Desteklenen projeler <strong>en fazla 36 ay<\/strong> s\u00fcrebilir.<\/p>\n<p><strong>Proje B\u00fct\u00e7esi:<\/strong><\/p>\n<p>2025 y\u0131l\u0131 itibariyle proje destek <strong>\u00fcst limiti 2.400.000 TL<\/strong> olarak belirlenmi\u015ftir. Bu tutara burs \u00f6demeleri dahil edilirken, <strong>proje te\u015fvik ikramiyesi (PT\u0130) ve kurum hissesi bu tutara dahil de\u011fildir.<\/strong><\/p>\n<p><strong>De\u011ferlendirme:<\/strong><br \/>\nBu program kapsam\u0131nda sunulan projeler, bilimsel kriterlere uygunluk ve teknolojik katk\u0131 sa\u011flama potansiyellerine g\u00f6re <strong>T\u00dcB\u0130TAK taraf\u0131ndan de\u011ferlendirilerek desteklenir.<\/strong><\/p>\n<p><strong>De\u011ferlendirme S\u00fcreci:<\/strong><\/p>\n<ul>\n<li>Ba\u015fvurular T\u00dcB\u0130TAK taraf\u0131ndan belirlenen \u00e7a\u011fr\u0131 kriterlerine g\u00f6re de\u011ferlendirilir.<\/li>\n<li>Bilimsel i\u00e7erik, \u00f6zg\u00fcnl\u00fck, uygulanabilirlik ve b\u00fct\u00e7e y\u00f6netimi gibi unsurlar dikkate al\u0131n\u0131r.<\/li>\n<\/ul>\n<p><strong>Kimler Ba\u015fvurabilir?<\/strong><\/p>\n<ul>\n<li><strong>Proje Y\u00fcr\u00fct\u00fcc\u00fcs\u00fc:<\/strong> Doktora derecesine sahip, T\u00fcrkiye\u2019de ikamet eden akademisyenler veya ara\u015ft\u0131rmac\u0131lar.<\/li>\n<li><strong>Ara\u015ft\u0131rmac\u0131lar &amp; Dan\u0131\u015fmanlar:<\/strong> En az d\u00f6rt y\u0131ll\u0131k \u00fcniversite e\u011fitimi alm\u0131\u015f, ilgili alanda \u00e7al\u0131\u015fan ki\u015filer.<\/li>\n<li><strong>Bursiyerler:<\/strong> T\u00fcrkiye\u2019de \u00f6\u011frenci stat\u00fcs\u00fcnde olan lisans ve lisans\u00fcst\u00fc \u00f6\u011frenciler ile doktora sonras\u0131 ara\u015ft\u0131rmac\u0131lar.<\/li>\n<\/ul>\n<p><strong>Ba\u015fvuru Tarihleri<\/strong><\/p>\n<p><strong>1001 Program\u0131 2025 Y\u0131l\u0131 1. D\u00f6nemi Ba\u015fvuru Tarihleri:<\/strong><\/p>\n<p><strong>Ba\u015fvuru Sisteminin A\u00e7\u0131l\u0131\u015f Tarihi:<\/strong> 10 \u015eubat 2025<\/p>\n<p><strong>\u00c7evrimi\u00e7i Ba\u015fvurunun Tamamlanmas\u0131 \u0130\u00e7in Son Tarih:<\/strong> 27 Mart 2025<\/p>\n<p><strong>E- \u0130mza S\u00fcrecinin Tamamlanmas\u0131 \u0130\u00e7in Son Tarih: <\/strong>3 Nisan 2025<\/p>\n<p><a href=\"https:\/\/tubitak.gov.tr\/tr\">https:\/\/tubitak.gov.tr\/tr<\/a><\/p>\n","protected":false},"excerpt":{"rendered":"<p>Ama\u00e7: Bu program, bilimsel bilgi \u00fcretimi, teknolojik problemlerin \u00e7\u00f6z\u00fcm\u00fc ve bilimsel analizlerin yap\u0131lmas\u0131 amac\u0131yla y\u00fcr\u00fct\u00fclecek projelere mali destek sa\u011flamaktad\u0131r. Proje S\u00fcresi: Desteklenen projeler en fazla 36 ay s\u00fcrebilir. Proje B\u00fct\u00e7esi: 2025 y\u0131l\u0131 itibariyle proje destek \u00fcst limiti 2.400.000 TL olarak belirlenmi\u015ftir. Bu tutara burs \u00f6demeleri dahil edilirken, proje te\u015fvik ikramiyesi (PT\u0130) ve kurum hissesi bu [&hellip;]<\/p>\n","protected":false},"author":1,"featured_media":0,"parent":2188,"menu_order":0,"comment_status":"closed","ping_status":"closed","template":"","meta":{"footnotes":""},"class_list":["post-2199","page","type-page","status-publish","hentry"],"_links":{"self":[{"href":"https:\/\/pdo.cumhuriyet.edu.tr\/index.php?rest_route=\/wp\/v2\/pages\/2199","targetHints":{"allow":["GET"]}}],"collection":[{"href":"https:\/\/pdo.cumhuriyet.edu.tr\/index.php?rest_route=\/wp\/v2\/pages"}],"about":[{"href":"https:\/\/pdo.cumhuriyet.edu.tr\/index.php?rest_route=\/wp\/v2\/types\/page"}],"author":[{"embeddable":true,"href":"https:\/\/pdo.cumhuriyet.edu.tr\/index.php?rest_route=\/wp\/v2\/users\/1"}],"replies":[{"embeddable":true,"href":"https:\/\/pdo.cumhuriyet.edu.tr\/index.php?rest_route=%2Fwp%2Fv2%2Fcomments&post=2199"}],"version-history":[{"count":3,"href":"https:\/\/pdo.cumhuriyet.edu.tr\/index.php?rest_route=\/wp\/v2\/pages\/2199\/revisions"}],"predecessor-version":[{"id":2310,"href":"https:\/\/pdo.cumhuriyet.edu.tr\/index.php?rest_route=\/wp\/v2\/pages\/2199\/revisions\/2310"}],"up":[{"embeddable":true,"href":"https:\/\/pdo.cumhuriyet.edu.tr\/index.php?rest_route=\/wp\/v2\/pages\/2188"}],"wp:attachment":[{"href":"https:\/\/pdo.cumhuriyet.edu.tr\/index.php?rest_route=%2Fwp%2Fv2%2Fmedia&parent=2199"}],"curies":[{"name":"wp","href":"https:\/\/api.w.org\/{rel}","templated":true}]}}