{"id":2196,"date":"2025-03-19T13:00:40","date_gmt":"2025-03-19T10:00:40","guid":{"rendered":"https:\/\/pdo.cumhuriyet.edu.tr\/?page_id=2196"},"modified":"2025-03-19T15:31:52","modified_gmt":"2025-03-19T12:31:52","slug":"tubitak-1000-universitelerin-arastirma-ve-gelistirme-potansiyelinin-artirilmasina-yonelik-destek-programi","status":"publish","type":"page","link":"https:\/\/pdo.cumhuriyet.edu.tr\/?page_id=2196","title":{"rendered":"1000"},"content":{"rendered":"<p><strong>Ama\u00e7:<\/strong><\/p>\n<p>Bu program, \u00fcniversitelerin ara\u015ft\u0131rma ve geli\u015ftirme (Ar-Ge) kapasitesini g\u00fc\u00e7lendirmek amac\u0131yla belirli \u00e7a\u011f\u0131r\u0131 ba\u015fl\u0131klar\u0131 alt\u0131nda desteklenmesi gereken projelere fon sa\u011flamaktad\u0131r.<\/p>\n<p><strong>Proje S\u00fcresi:<\/strong><\/p>\n<p>Program kapsam\u0131nda desteklenecek projelerin s\u00fcreleri, ilgili \u00e7a\u011f\u0131r\u0131 duyurusunda belirtilmektedir. Ancak, proje s\u00fcresi en fazla <strong>36 ay<\/strong> olabilir.<\/p>\n<p><strong>B\u00fct\u00e7e:<\/strong><\/p>\n<p>Proje b\u00fct\u00e7esi ile ilgili \u00fcst s\u0131n\u0131r ve di\u011fer mali detaylar, her \u00e7a\u011f\u0131r\u0131 duyurusunda ayr\u0131ca belirtilmektedir.<\/p>\n<p><strong>Ba\u015fvuru:<\/strong><\/p>\n<p>Bu programda ba\u015fvuru s\u00fcreci <strong>\u00e7a\u011f\u0131r\u0131 esasl\u0131 ve \u00e7evrim i\u00e7i<\/strong> olarak ger\u00e7ekle\u015ftirilmektedir. Desteklenecek projelerin konu ba\u015fl\u0131klar\u0131, ba\u015fvuru ko\u015fullar\u0131 ve \u00e7a\u011f\u0131r\u0131ya \u00f6zel detaylar <strong>T\u00dcB\u0130TAK taraf\u0131ndan belirlenerek ilan edilir.<\/strong><\/p>\n<p><strong>De\u011ferlendirme:<\/strong><\/p>\n<p>Proje ba\u015fvurular\u0131n\u0131n de\u011ferlendirme y\u00f6ntemi, ilgili \u00e7a\u011f\u0131r\u0131 duyurusunda belirtilmektedir. De\u011ferlendirme s\u00fcreci sonras\u0131nda destek karar\u0131 <strong>T\u00dcB\u0130TAK Ba\u015fkanl\u0131\u011f\u0131 taraf\u0131ndan verilir.<\/strong><\/p>\n<p><a href=\"https:\/\/tubitak.gov.tr\/tr\">https:\/\/tubitak.gov.tr\/tr<\/a><\/p>\n","protected":false},"excerpt":{"rendered":"<p>Ama\u00e7: Bu program, \u00fcniversitelerin ara\u015ft\u0131rma ve geli\u015ftirme (Ar-Ge) kapasitesini g\u00fc\u00e7lendirmek amac\u0131yla belirli \u00e7a\u011f\u0131r\u0131 ba\u015fl\u0131klar\u0131 alt\u0131nda desteklenmesi gereken projelere fon sa\u011flamaktad\u0131r. Proje S\u00fcresi: Program kapsam\u0131nda desteklenecek projelerin s\u00fcreleri, ilgili \u00e7a\u011f\u0131r\u0131 duyurusunda belirtilmektedir. Ancak, proje s\u00fcresi en fazla 36 ay olabilir. B\u00fct\u00e7e: Proje b\u00fct\u00e7esi ile ilgili \u00fcst s\u0131n\u0131r ve di\u011fer mali detaylar, her \u00e7a\u011f\u0131r\u0131 duyurusunda ayr\u0131ca belirtilmektedir. [&hellip;]<\/p>\n","protected":false},"author":1,"featured_media":0,"parent":2188,"menu_order":0,"comment_status":"closed","ping_status":"closed","template":"","meta":{"footnotes":""},"class_list":["post-2196","page","type-page","status-publish","hentry"],"_links":{"self":[{"href":"https:\/\/pdo.cumhuriyet.edu.tr\/index.php?rest_route=\/wp\/v2\/pages\/2196","targetHints":{"allow":["GET"]}}],"collection":[{"href":"https:\/\/pdo.cumhuriyet.edu.tr\/index.php?rest_route=\/wp\/v2\/pages"}],"about":[{"href":"https:\/\/pdo.cumhuriyet.edu.tr\/index.php?rest_route=\/wp\/v2\/types\/page"}],"author":[{"embeddable":true,"href":"https:\/\/pdo.cumhuriyet.edu.tr\/index.php?rest_route=\/wp\/v2\/users\/1"}],"replies":[{"embeddable":true,"href":"https:\/\/pdo.cumhuriyet.edu.tr\/index.php?rest_route=%2Fwp%2Fv2%2Fcomments&post=2196"}],"version-history":[{"count":4,"href":"https:\/\/pdo.cumhuriyet.edu.tr\/index.php?rest_route=\/wp\/v2\/pages\/2196\/revisions"}],"predecessor-version":[{"id":2309,"href":"https:\/\/pdo.cumhuriyet.edu.tr\/index.php?rest_route=\/wp\/v2\/pages\/2196\/revisions\/2309"}],"up":[{"embeddable":true,"href":"https:\/\/pdo.cumhuriyet.edu.tr\/index.php?rest_route=\/wp\/v2\/pages\/2188"}],"wp:attachment":[{"href":"https:\/\/pdo.cumhuriyet.edu.tr\/index.php?rest_route=%2Fwp%2Fv2%2Fmedia&parent=2196"}],"curies":[{"name":"wp","href":"https:\/\/api.w.org\/{rel}","templated":true}]}}