{"id":202,"date":"2017-12-18T13:35:43","date_gmt":"2017-12-18T11:35:43","guid":{"rendered":"https:\/\/pdo.cumhuriyet.edu.tr\/?page_id=202"},"modified":"2018-12-31T14:11:55","modified_gmt":"2018-12-31T12:11:55","slug":"tubitak-teydeb","status":"publish","type":"page","link":"https:\/\/pdo.cumhuriyet.edu.tr\/?page_id=202","title":{"rendered":"T\u00dcB\u0130TAK TEYDEB"},"content":{"rendered":"<p><a href=\"https:\/\/eteydeb.tubitak.gov.tr\/teydebanasayfa.htm\">T\u00dcB\u0130TAK Teknoloji ve Yenilik Destek Programlar\u0131 Ba\u015fkanl\u0131\u011f\u0131 (TEYDEB) ba\u015fvuru<\/a><\/p>\n<p><a href=\"https:\/\/giris.tubitak.gov.tr\/anasayfa.htm\">T\u00dcB\u0130TAK UYGULAMALARI<\/a><\/p>\n<p><a href=\"http:\/\/www.tubitak.gov.tr\/tr\/destekler\/sanayi\/ulusal-destek-programlari\/icerik-tanitim-materyalleri\">http:\/\/www.tubitak.gov.tr\/tr\/destekler\/sanayi\/ulusal-destek-programlari\/icerik-tanitim-materyalleri<\/a><\/p>\n","protected":false},"excerpt":{"rendered":"<p>T\u00dcB\u0130TAK Teknoloji ve Yenilik Destek Programlar\u0131 Ba\u015fkanl\u0131\u011f\u0131 (TEYDEB) ba\u015fvuru T\u00dcB\u0130TAK UYGULAMALARI http:\/\/www.tubitak.gov.tr\/tr\/destekler\/sanayi\/ulusal-destek-programlari\/icerik-tanitim-materyalleri<\/p>\n","protected":false},"author":1,"featured_media":0,"parent":0,"menu_order":0,"comment_status":"closed","ping_status":"closed","template":"","meta":{"footnotes":""},"class_list":["post-202","page","type-page","status-publish","hentry"],"_links":{"self":[{"href":"https:\/\/pdo.cumhuriyet.edu.tr\/index.php?rest_route=\/wp\/v2\/pages\/202","targetHints":{"allow":["GET"]}}],"collection":[{"href":"https:\/\/pdo.cumhuriyet.edu.tr\/index.php?rest_route=\/wp\/v2\/pages"}],"about":[{"href":"https:\/\/pdo.cumhuriyet.edu.tr\/index.php?rest_route=\/wp\/v2\/types\/page"}],"author":[{"embeddable":true,"href":"https:\/\/pdo.cumhuriyet.edu.tr\/index.php?rest_route=\/wp\/v2\/users\/1"}],"replies":[{"embeddable":true,"href":"https:\/\/pdo.cumhuriyet.edu.tr\/index.php?rest_route=%2Fwp%2Fv2%2Fcomments&post=202"}],"version-history":[{"count":4,"href":"https:\/\/pdo.cumhuriyet.edu.tr\/index.php?rest_route=\/wp\/v2\/pages\/202\/revisions"}],"predecessor-version":[{"id":2160,"href":"https:\/\/pdo.cumhuriyet.edu.tr\/index.php?rest_route=\/wp\/v2\/pages\/202\/revisions\/2160"}],"wp:attachment":[{"href":"https:\/\/pdo.cumhuriyet.edu.tr\/index.php?rest_route=%2Fwp%2Fv2%2Fmedia&parent=202"}],"curies":[{"name":"wp","href":"https:\/\/api.w.org\/{rel}","templated":true}]}}