{"id":200,"date":"2017-12-18T13:35:14","date_gmt":"2017-12-18T11:35:14","guid":{"rendered":"https:\/\/pdo.cumhuriyet.edu.tr\/?page_id=200"},"modified":"2019-09-19T14:36:58","modified_gmt":"2019-09-19T11:36:58","slug":"tubitak-ardeb","status":"publish","type":"page","link":"https:\/\/pdo.cumhuriyet.edu.tr\/?page_id=200","title":{"rendered":"T\u00dcB\u0130TAK ARDEB"},"content":{"rendered":"<p>T\u00dcB\u0130TAK Ara\u015ft\u0131rma Destek Programlar\u0131 Ba\u015fkanl\u0131\u011f\u0131 (ARDEB) proje destek programlar\u0131 hakk\u0131nda ayr\u0131nt\u0131l\u0131 bilgi i\u00e7in a\u015fa\u011f\u0131daki linkleri ve sunumu inceleyiniz.<\/p>\n<p><a href=\"http:\/\/www.tubitak.gov.tr\/tr\/destekler\/akademik\/\">http:\/\/www.tubitak.gov.tr\/tr\/destekler\/akademik\/<\/a><\/p>\n<p>&nbsp;<\/p>\n","protected":false},"excerpt":{"rendered":"<p>T\u00dcB\u0130TAK Ara\u015ft\u0131rma Destek Programlar\u0131 Ba\u015fkanl\u0131\u011f\u0131 (ARDEB) proje destek programlar\u0131 hakk\u0131nda ayr\u0131nt\u0131l\u0131 bilgi i\u00e7in a\u015fa\u011f\u0131daki linkleri ve sunumu inceleyiniz. http:\/\/www.tubitak.gov.tr\/tr\/destekler\/akademik\/ &nbsp;<\/p>\n","protected":false},"author":1,"featured_media":0,"parent":0,"menu_order":0,"comment_status":"closed","ping_status":"closed","template":"","meta":{"footnotes":""},"class_list":["post-200","page","type-page","status-publish","hentry"],"_links":{"self":[{"href":"https:\/\/pdo.cumhuriyet.edu.tr\/index.php?rest_route=\/wp\/v2\/pages\/200","targetHints":{"allow":["GET"]}}],"collection":[{"href":"https:\/\/pdo.cumhuriyet.edu.tr\/index.php?rest_route=\/wp\/v2\/pages"}],"about":[{"href":"https:\/\/pdo.cumhuriyet.edu.tr\/index.php?rest_route=\/wp\/v2\/types\/page"}],"author":[{"embeddable":true,"href":"https:\/\/pdo.cumhuriyet.edu.tr\/index.php?rest_route=\/wp\/v2\/users\/1"}],"replies":[{"embeddable":true,"href":"https:\/\/pdo.cumhuriyet.edu.tr\/index.php?rest_route=%2Fwp%2Fv2%2Fcomments&post=200"}],"version-history":[{"count":4,"href":"https:\/\/pdo.cumhuriyet.edu.tr\/index.php?rest_route=\/wp\/v2\/pages\/200\/revisions"}],"predecessor-version":[{"id":933,"href":"https:\/\/pdo.cumhuriyet.edu.tr\/index.php?rest_route=\/wp\/v2\/pages\/200\/revisions\/933"}],"wp:attachment":[{"href":"https:\/\/pdo.cumhuriyet.edu.tr\/index.php?rest_route=%2Fwp%2Fv2%2Fmedia&parent=200"}],"curies":[{"name":"wp","href":"https:\/\/api.w.org\/{rel}","templated":true}]}}