{"id":181,"date":"2017-12-13T08:44:06","date_gmt":"2017-12-13T06:44:06","guid":{"rendered":"https:\/\/pdo.cumhuriyet.edu.tr\/?page_id=181"},"modified":"2018-12-28T09:15:16","modified_gmt":"2018-12-28T07:15:16","slug":"buyuk-elcilikler","status":"publish","type":"page","link":"https:\/\/pdo.cumhuriyet.edu.tr\/?page_id=181","title":{"rendered":"B\u00fcy\u00fck El\u00e7ilikler"},"content":{"rendered":"<p><strong>ABD B\u00fcy\u00fckel\u00e7ili\u011fi<\/strong><\/p>\n<p><a href=\"https:\/\/tr.usembassy.gov\/tr\/\">https:\/\/tr.usembassy.gov\/tr\/<\/a><\/p>\n<p><strong>Japonya B\u00fcy\u00fckel\u00e7ili\u011fi\u00a0<\/strong><\/p>\n<p><a href=\"https:\/\/www.tr.emb-japan.go.jp\/itprtop_tr\/index.html\">http:\/\/www.tr.emb-japan.go.jp\/Hibe_Yardimi\/GGP.htm<\/a><\/p>\n","protected":false},"excerpt":{"rendered":"<p>ABD B\u00fcy\u00fckel\u00e7ili\u011fi https:\/\/tr.usembassy.gov\/tr\/ Japonya B\u00fcy\u00fckel\u00e7ili\u011fi\u00a0 http:\/\/www.tr.emb-japan.go.jp\/Hibe_Yardimi\/GGP.htm<\/p>\n","protected":false},"author":1,"featured_media":0,"parent":0,"menu_order":0,"comment_status":"closed","ping_status":"closed","template":"","meta":{"footnotes":""},"class_list":["post-181","page","type-page","status-publish","hentry"],"_links":{"self":[{"href":"https:\/\/pdo.cumhuriyet.edu.tr\/index.php?rest_route=\/wp\/v2\/pages\/181","targetHints":{"allow":["GET"]}}],"collection":[{"href":"https:\/\/pdo.cumhuriyet.edu.tr\/index.php?rest_route=\/wp\/v2\/pages"}],"about":[{"href":"https:\/\/pdo.cumhuriyet.edu.tr\/index.php?rest_route=\/wp\/v2\/types\/page"}],"author":[{"embeddable":true,"href":"https:\/\/pdo.cumhuriyet.edu.tr\/index.php?rest_route=\/wp\/v2\/users\/1"}],"replies":[{"embeddable":true,"href":"https:\/\/pdo.cumhuriyet.edu.tr\/index.php?rest_route=%2Fwp%2Fv2%2Fcomments&post=181"}],"version-history":[{"count":6,"href":"https:\/\/pdo.cumhuriyet.edu.tr\/index.php?rest_route=\/wp\/v2\/pages\/181\/revisions"}],"predecessor-version":[{"id":947,"href":"https:\/\/pdo.cumhuriyet.edu.tr\/index.php?rest_route=\/wp\/v2\/pages\/181\/revisions\/947"}],"wp:attachment":[{"href":"https:\/\/pdo.cumhuriyet.edu.tr\/index.php?rest_route=%2Fwp%2Fv2%2Fmedia&parent=181"}],"curies":[{"name":"wp","href":"https:\/\/api.w.org\/{rel}","templated":true}]}}