{"id":177,"date":"2017-12-13T08:42:06","date_gmt":"2017-12-13T06:42:06","guid":{"rendered":"https:\/\/pdo.cumhuriyet.edu.tr\/?page_id=177"},"modified":"2021-05-07T14:18:07","modified_gmt":"2021-05-07T11:18:07","slug":"bakanliklar","status":"publish","type":"page","link":"https:\/\/pdo.cumhuriyet.edu.tr\/?page_id=177","title":{"rendered":"Bakanl\u0131klar"},"content":{"rendered":"<p><strong>Sanayi ve Teknoloji Bakanl\u0131\u011f\u0131: <a href=\"https:\/\/www.yatirimadestek.gov.tr\/\">yatirimadestek.gov.tr<\/a><\/strong><\/p>\n<p><strong>Gen\u00e7lik ve Spor Bakanl\u0131\u011f\u0131:\u00a0<a href=\"https:\/\/www.gsb.gov.tr\/\">www.gsb.gov.tr\/<\/a><\/strong><\/p>\n<p><strong>Avrupa Birli\u011fi Ba\u015fkanl\u0131\u011f\u0131:\u00a0<a href=\"http:\/\/www.ab.gov.tr\/\">www.ab.gov.tr<\/a><\/strong><\/p>\n<p><strong>Sanayi ve Teknoloji Bakanl\u0131\u011f\u0131:\u00a0<a href=\"https:\/\/www.sanayi.gov.tr\/\">www.sanayi.gov.tr\/<\/a><\/strong><\/p>\n<p><strong>Aile, \u00c7al\u0131\u015fma ve Sosyal Hizmetler Bakanl\u0131\u011f\u0131:\u00a0<a href=\"http:\/\/www.csgb.gov.tr\/\">www.csgb.gov.tr<\/a><\/strong><\/p>\n<p><strong>Ticaret Bakanl\u0131\u011f\u0131:\u00a0<a href=\"https:\/\/www.ticaret.gov.tr\/\">www.ticaret.gov.tr<\/a><\/strong><\/p>\n<p><strong>Tar\u0131m ve Orman Bakanl\u0131\u011f\u0131:\u00a0<a href=\"https:\/\/www.tarimorman.gov.tr\/\">www.tarimorman.gov.tr<\/a><\/strong><\/p>\n<p><strong>\u0130\u00e7i\u015fleri Bakanl\u0131\u011f\u0131:\u00a0<a href=\"http:\/\/www.icisleri.gov.tr\/\">www.icisleri.gov.tr<\/a><\/strong><\/p>\n<p><strong>Hazine ve Maliye Bakanl\u0131\u011f\u0131:\u00a0<a href=\"http:\/\/www.maliye.gov.tr\/\">www.maliye.gov.tr<\/a><\/strong><\/p>\n<p><strong>K\u00fclt\u00fcr ve Turizm Bakanl\u0131\u011f\u0131:\u00a0<a href=\"http:\/\/www.kultur.gov.tr\/\">www.kultur.gov.tr\/<\/a><\/strong><\/p>\n<p>&nbsp;<\/p>\n","protected":false},"excerpt":{"rendered":"<p>Sanayi ve Teknoloji Bakanl\u0131\u011f\u0131: yatirimadestek.gov.tr Gen\u00e7lik ve Spor Bakanl\u0131\u011f\u0131:\u00a0www.gsb.gov.tr\/ Avrupa Birli\u011fi Ba\u015fkanl\u0131\u011f\u0131:\u00a0www.ab.gov.tr Sanayi ve Teknoloji Bakanl\u0131\u011f\u0131:\u00a0www.sanayi.gov.tr\/ Aile, \u00c7al\u0131\u015fma ve Sosyal Hizmetler Bakanl\u0131\u011f\u0131:\u00a0www.csgb.gov.tr Ticaret Bakanl\u0131\u011f\u0131:\u00a0www.ticaret.gov.tr Tar\u0131m ve Orman Bakanl\u0131\u011f\u0131:\u00a0www.tarimorman.gov.tr \u0130\u00e7i\u015fleri Bakanl\u0131\u011f\u0131:\u00a0www.icisleri.gov.tr Hazine ve Maliye Bakanl\u0131\u011f\u0131:\u00a0www.maliye.gov.tr K\u00fclt\u00fcr ve Turizm Bakanl\u0131\u011f\u0131:\u00a0www.kultur.gov.tr\/ &nbsp;<\/p>\n","protected":false},"author":1,"featured_media":0,"parent":0,"menu_order":0,"comment_status":"closed","ping_status":"closed","template":"","meta":{"footnotes":""},"class_list":["post-177","page","type-page","status-publish","hentry"],"_links":{"self":[{"href":"https:\/\/pdo.cumhuriyet.edu.tr\/index.php?rest_route=\/wp\/v2\/pages\/177","targetHints":{"allow":["GET"]}}],"collection":[{"href":"https:\/\/pdo.cumhuriyet.edu.tr\/index.php?rest_route=\/wp\/v2\/pages"}],"about":[{"href":"https:\/\/pdo.cumhuriyet.edu.tr\/index.php?rest_route=\/wp\/v2\/types\/page"}],"author":[{"embeddable":true,"href":"https:\/\/pdo.cumhuriyet.edu.tr\/index.php?rest_route=\/wp\/v2\/users\/1"}],"replies":[{"embeddable":true,"href":"https:\/\/pdo.cumhuriyet.edu.tr\/index.php?rest_route=%2Fwp%2Fv2%2Fcomments&post=177"}],"version-history":[{"count":11,"href":"https:\/\/pdo.cumhuriyet.edu.tr\/index.php?rest_route=\/wp\/v2\/pages\/177\/revisions"}],"predecessor-version":[{"id":1904,"href":"https:\/\/pdo.cumhuriyet.edu.tr\/index.php?rest_route=\/wp\/v2\/pages\/177\/revisions\/1904"}],"wp:attachment":[{"href":"https:\/\/pdo.cumhuriyet.edu.tr\/index.php?rest_route=%2Fwp%2Fv2%2Fmedia&parent=177"}],"curies":[{"name":"wp","href":"https:\/\/api.w.org\/{rel}","templated":true}]}}