{"id":173,"date":"2017-12-13T08:41:07","date_gmt":"2017-12-13T06:41:07","guid":{"rendered":"https:\/\/pdo.cumhuriyet.edu.tr\/?page_id=173"},"modified":"2020-07-01T09:29:49","modified_gmt":"2020-07-01T06:29:49","slug":"avrupa-birligi","status":"publish","type":"page","link":"https:\/\/pdo.cumhuriyet.edu.tr\/?page_id=173","title":{"rendered":"Avrupa Birli\u011fi \/ Ufuk 2020"},"content":{"rendered":"<header class=\"entry-header\">\n<h1><a href=\"https:\/\/www.ab.gov.tr\/guncel-hibeler_50801.html\">G\u00fcncel Hibeler<\/a><\/h1>\n<\/header>\n<h1><a href=\"https:\/\/www.ab.gov.tr\/101.html\">Avrupa Birli\u011fi Programlar\u0131 Hibeleri<\/a><\/h1>\n<h1 class=\"entry-header\"><a href=\"https:\/\/h2020.org.tr\/tr#anaMenu\">UFUK 2020<\/a><\/h1>\n<div class=\"entry-content\">\n<p>Avrupa Birli\u011finin \u00e7ok \u00f6nemli fon ve kaynaklar\u0131n\u0131n yer ald\u0131\u011f\u0131 \u00fclkemiz UFUK 2020 web sayfas\u0131n\u0131n <a href=\"https:\/\/www.ab.gov.tr\/ufuk-2020-programi-acik-cagrilar_51900.html\">a\u00e7\u0131k \u00e7a\u011fr\u0131lar linkini incelemenizi \u00f6neriyoruz.<\/a><\/p>\n<h1><a href=\"http:\/\/www.ua.gov.tr\/\">ERASMUS + Programlar\u0131<\/a><\/h1>\n<\/div>\n","protected":false},"excerpt":{"rendered":"<p>G\u00fcncel Hibeler Avrupa Birli\u011fi Programlar\u0131 Hibeleri UFUK 2020 Avrupa Birli\u011finin \u00e7ok \u00f6nemli fon ve kaynaklar\u0131n\u0131n yer ald\u0131\u011f\u0131 \u00fclkemiz UFUK 2020 web sayfas\u0131n\u0131n a\u00e7\u0131k \u00e7a\u011fr\u0131lar linkini incelemenizi \u00f6neriyoruz. ERASMUS + Programlar\u0131<\/p>\n","protected":false},"author":1,"featured_media":0,"parent":0,"menu_order":0,"comment_status":"closed","ping_status":"closed","template":"","meta":{"footnotes":""},"class_list":["post-173","page","type-page","status-publish","hentry"],"_links":{"self":[{"href":"https:\/\/pdo.cumhuriyet.edu.tr\/index.php?rest_route=\/wp\/v2\/pages\/173","targetHints":{"allow":["GET"]}}],"collection":[{"href":"https:\/\/pdo.cumhuriyet.edu.tr\/index.php?rest_route=\/wp\/v2\/pages"}],"about":[{"href":"https:\/\/pdo.cumhuriyet.edu.tr\/index.php?rest_route=\/wp\/v2\/types\/page"}],"author":[{"embeddable":true,"href":"https:\/\/pdo.cumhuriyet.edu.tr\/index.php?rest_route=\/wp\/v2\/users\/1"}],"replies":[{"embeddable":true,"href":"https:\/\/pdo.cumhuriyet.edu.tr\/index.php?rest_route=%2Fwp%2Fv2%2Fcomments&post=173"}],"version-history":[{"count":9,"href":"https:\/\/pdo.cumhuriyet.edu.tr\/index.php?rest_route=\/wp\/v2\/pages\/173\/revisions"}],"predecessor-version":[{"id":1511,"href":"https:\/\/pdo.cumhuriyet.edu.tr\/index.php?rest_route=\/wp\/v2\/pages\/173\/revisions\/1511"}],"wp:attachment":[{"href":"https:\/\/pdo.cumhuriyet.edu.tr\/index.php?rest_route=%2Fwp%2Fv2%2Fmedia&parent=173"}],"curies":[{"name":"wp","href":"https:\/\/api.w.org\/{rel}","templated":true}]}}