{"id":135,"date":"2017-12-09T21:53:07","date_gmt":"2017-12-09T19:53:07","guid":{"rendered":"https:\/\/pdo.cumhuriyet.edu.tr\/?page_id=135"},"modified":"2024-03-04T10:52:33","modified_gmt":"2024-03-04T07:52:33","slug":"iletisim","status":"publish","type":"page","link":"https:\/\/pdo.cumhuriyet.edu.tr\/?page_id=135","title":{"rendered":"\u0130leti\u015fim"},"content":{"rendered":"<p><strong>Adres:<\/strong><\/p>\n<p>Proje Koordinasyon Uygulama ve Ara\u015ft\u0131rma Merkezi,<\/p>\n<p>Proje Destek Ofisi<\/p>\n<p>Sivas Cumhuriyet \u00dcniversitesi, Yeni Yemekhane (Yemekhane 2) Kat 2 (C\u00dcBAP Yan\u0131) 58140 Sivas<\/p>\n<p><strong>\u0130leti\u015fim Bilgileri:<\/strong><\/p>\n<p>Telefon 1: +90 346 487 4790<br \/>\nTelefon 2: +90 346 487 4791 <\/p>\n<p>E-posta:\u00a0<a href=\"mailto:pdo@cumhuriyet.edu.tr\">pdo@cumhuriyet.edu.tr<\/a><\/p>\n","protected":false},"excerpt":{"rendered":"<p>Adres: Proje Koordinasyon Uygulama ve Ara\u015ft\u0131rma Merkezi, Proje Destek Ofisi Sivas Cumhuriyet \u00dcniversitesi, Yeni Yemekhane (Yemekhane 2) Kat 2 (C\u00dcBAP Yan\u0131) 58140 Sivas \u0130leti\u015fim Bilgileri: Telefon 1: +90 346 487 4790 Telefon 2: +90 346 487 4791 E-posta:\u00a0pdo@cumhuriyet.edu.tr<\/p>\n","protected":false},"author":1,"featured_media":0,"parent":0,"menu_order":0,"comment_status":"closed","ping_status":"closed","template":"","meta":{"footnotes":""},"class_list":["post-135","page","type-page","status-publish","hentry"],"_links":{"self":[{"href":"https:\/\/pdo.cumhuriyet.edu.tr\/index.php?rest_route=\/wp\/v2\/pages\/135","targetHints":{"allow":["GET"]}}],"collection":[{"href":"https:\/\/pdo.cumhuriyet.edu.tr\/index.php?rest_route=\/wp\/v2\/pages"}],"about":[{"href":"https:\/\/pdo.cumhuriyet.edu.tr\/index.php?rest_route=\/wp\/v2\/types\/page"}],"author":[{"embeddable":true,"href":"https:\/\/pdo.cumhuriyet.edu.tr\/index.php?rest_route=\/wp\/v2\/users\/1"}],"replies":[{"embeddable":true,"href":"https:\/\/pdo.cumhuriyet.edu.tr\/index.php?rest_route=%2Fwp%2Fv2%2Fcomments&post=135"}],"version-history":[{"count":11,"href":"https:\/\/pdo.cumhuriyet.edu.tr\/index.php?rest_route=\/wp\/v2\/pages\/135\/revisions"}],"predecessor-version":[{"id":2122,"href":"https:\/\/pdo.cumhuriyet.edu.tr\/index.php?rest_route=\/wp\/v2\/pages\/135\/revisions\/2122"}],"wp:attachment":[{"href":"https:\/\/pdo.cumhuriyet.edu.tr\/index.php?rest_route=%2Fwp%2Fv2%2Fmedia&parent=135"}],"curies":[{"name":"wp","href":"https:\/\/api.w.org\/{rel}","templated":true}]}}