{"id":100,"date":"2017-12-08T11:46:40","date_gmt":"2017-12-08T09:46:40","guid":{"rendered":"https:\/\/pdo.cumhuriyet.edu.tr\/?page_id=100"},"modified":"2022-08-12T09:03:24","modified_gmt":"2022-08-12T06:03:24","slug":"yonerge","status":"publish","type":"page","link":"https:\/\/pdo.cumhuriyet.edu.tr\/?page_id=100","title":{"rendered":"Y\u00f6netmelik"},"content":{"rendered":"<p><strong>S\u0130VAS CUMHUR\u0130YET \u00dcN\u0130VERS\u0130TES\u0130 PROJE KOORD\u0130NASYON UYGULAMA VE ARA\u015eTIRMA MERKEZ\u0130 Y\u00d6NETMEL\u0130\u011e\u0130<\/p>\n<p>B\u0130R\u0130NC\u0130 B\u00d6L\u00dcM<br \/>\nAma\u00e7, Kapsam, Dayanak ve Tan\u0131mlar<\/strong><\/p>\n<p><strong>Ama\u00e7<\/strong><br \/>\nMADDE 1 \u2013 (De\u011fi\u015fik:RG-19\/6\/2022-31871)<br \/>\n(1) Bu Y\u00f6netmeli\u011fin amac\u0131; Sivas Cumhuriyet \u00dcniversitesi Proje Koordinasyon Uygulama ve Ara\u015ft\u0131rma Merkezinin ama\u00e7lar\u0131na, faaliyet alanlar\u0131na, y\u00f6netim organlar\u0131na, y\u00f6netim organlar\u0131n\u0131n g\u00f6revlerine ve \u00e7al\u0131\u015fma \u015fekline ili\u015fkin usul ve esaslar\u0131 d\u00fczenlemektir.<br \/>\n<strong>Kapsam<\/strong><br \/>\nMADDE 2 \u2013 (De\u011fi\u015fik:RG-19\/6\/2022-31871)<br \/>\n(1) Bu Y\u00f6netmelik; Sivas Cumhuriyet \u00dcniversitesi Proje Koordinasyon Uygulama ve Ara\u015ft\u0131rma Merkezinin ama\u00e7lar\u0131na, faaliyet alanlar\u0131na, y\u00f6netim organlar\u0131na, y\u00f6netim organlar\u0131n\u0131n g\u00f6revlerine ve \u00e7al\u0131\u015fma \u015fekline ili\u015fkin h\u00fck\u00fcmleri kapsar.<br \/>\n<strong>Dayanak<\/strong><br \/>\nMADDE 3 \u2212 (1) Bu Y\u00f6netmelik, 4\/11\/1981 tarihli ve 2547 say\u0131l\u0131 Y\u00fcksek\u00f6\u011fretim Kanununun 7 nci maddesinin birinci f\u0131kras\u0131n\u0131n (d) bendinin (2) numaral\u0131 alt bendi ile 14 \u00fcnc\u00fc maddesine dayan\u0131larak haz\u0131rlanm\u0131\u015ft\u0131r.<br \/>\n<strong>Tan\u0131mlar<\/strong><br \/>\nMADDE 4 \u2013 (De\u011fi\u015fik:RG-19\/6\/2022-31871)<br \/>\n(1)Bu Y\u00f6netmelikte ge\u00e7en;<br \/>\na)Dan\u0131\u015fma Kurulu: Merkezin Dan\u0131\u015fma Kurulunu,<br \/>\nb)Komisyon: Merkezin ama\u00e7lar\u0131 do\u011frultusunda \u00e7al\u0131\u015fmalar yapmak \u00fczere gerekli g\u00f6r\u00fclen konularda Y\u00f6netim Kurulu taraf\u0131ndan olu\u015fturulan komisyonlar\u0131n\u0131,<br \/>\nc)Merkez: Sivas Cumhuriyet \u00dcniversitesi Proje Koordinasyon Uygulama ve Ara\u015ft\u0131rma Merkezini, \u00e7) M\u00fcd\u00fcr: Merkezin M\u00fcd\u00fcr\u00fcn\u00fc,<br \/>\nd)Rekt\u00f6r: Sivas Cumhuriyet \u00dcniversitesi Rekt\u00f6r\u00fcn\u00fc,<br \/>\ne)\u00dcniversite: Sivas Cumhuriyet \u00dcniversitesini,<br \/>\nf)Y\u00f6netim Kurulu: Merkezin Y\u00f6netim Kurulunu, ifade eder.<\/p>\n<p><strong>\u0130K\u0130NC\u0130 B\u00d6L\u00dcM<br \/>\nMerkezin Ama\u00e7lar\u0131 ve Faaliyet Alanlar\u0131<\/strong><\/p>\n<p>Merkezin ama\u00e7lar\u0131<br \/>\nMADDE 5 \u2212 (1) Merkezin ama\u00e7lar\u0131 \u015funlard\u0131r:<br \/>\na)Yurt i\u00e7inden ve yurt d\u0131\u015f\u0131ndan proje teklif \u00e7a\u011fr\u0131lar\u0131n\u0131, t\u00fcm ilgili akademisyen ve birimlere duyurmak,<br \/>\nb)Proje haz\u0131rlayan veya haz\u0131rlayacak ilgili ki\u015fi ya da gruplar aras\u0131 ileti\u015fim ve koordinasyonu sa\u011flamak,<br \/>\nc)Proje kaynaklar\u0131n\u0131n do\u011fru ve etkin kullan\u0131m\u0131n\u0131 sa\u011flamak amac\u0131yla Rekt\u00f6rl\u00fc\u011fe \u00f6nerilerde bulunmak,<br \/>\n\u00e7)Projeler ile ilgili bilimsel, mesleki ve e\u011fitim ama\u00e7l\u0131 \u00e7al\u0131\u015fmalarda bulunmak, dan\u0131\u015fmanl\u0131k ve bilgilendirme hizmetleri vermek,<br \/>\nd)Proje y\u00f6netimi s\u00fcre\u00e7lerini izlemek,<br \/>\ne)Kariyer planlamas\u0131 ve akademik geli\u015fimi desteklemek,<br \/>\nf)\u00dcniversite-sanayi i\u015fbirli\u011fini destekleyecek b\u00f6lgesel, ulusal ve uluslararas\u0131 ili\u015fkileri g\u00fc\u00e7lendirmek ve uygulanabilir sonu\u00e7lar\u0131n sanayiye aktar\u0131m\u0131n\u0131 h\u0131zland\u0131rmak,<br \/>\ng)\u00dcniversitedeki akademik ve bilimsel faaliyetlerin projelendirilmesini sa\u011flamada yol g\u00f6stermek,<br \/>\n\u011f)Gerekli hallerde ulusal ve uluslararas\u0131 proje ve programlar\u0131n teknik destek ihalelerine ba\u015fvurmak, ihale dosyalar\u0131n\u0131 haz\u0131rlamak,<br \/>\nh)\u00dcniversitenin sosyal, bilimsel proje faaliyetlerini nitelik ve nicelik y\u00f6n\u00fcnden art\u0131rmak i\u00e7in \u00e7al\u0131\u015fmalar yapmak.<br \/>\nMerkezin faaliyet alanlar\u0131<\/p>\n<p>MADDE 6 \u2212 (1) Merkez; proje geli\u015ftirme, koordinasyon ve dan\u0131\u015fmanl\u0131k, e\u011fitim ve bilimsel toplant\u0131lar, proje takibi, proje duyuru ve tan\u0131t\u0131m faaliyetleri alan\u0131nda ve ba\u015fta \u00fcniversiteler olmak \u00fczere ilgili kamu kurum ve kurulu\u015flar\u0131, sivil toplum \u00f6rg\u00fctleri ve \u00f6zel kurulu\u015flar ile i\u015fbirli\u011fi i\u00e7inde ulusal ve uluslararas\u0131 d\u00fczeyde a\u015fa\u011f\u0131da belirtilen faaliyetleri y\u00fcr\u00fct\u00fcr:<br \/>\n<strong>a)Proje geli\u015ftirme, koordinasyon ve dan\u0131\u015fmanl\u0131k alan\u0131nda y\u00fcr\u00fct\u00fclecek olan faaliyetler;<\/strong><br \/>\n1)\u00dcniversitenin y\u00fcr\u00fct\u00fcc\u00fc, ortak, i\u015ftirak\u00e7i ve benzeri \u015fekilde yer ald\u0131\u011f\u0131 projelerin ba\u015fvurular\u0131, y\u00fcr\u00fct\u00fclmesi, finans kaynaklar\u0131 ve proje ortaklar\u0131yla yap\u0131lacak yaz\u0131\u015fma ve toplant\u0131lar\u0131n organizasyonunu ve\/veya takibini yaparak, proje y\u00fcr\u00fct\u00fcc\u00fcs\u00fc ile proje ortaklar\u0131 aras\u0131nda Rekt\u00f6rl\u00fck ad\u0131na koordinasyon deste\u011fi sa\u011flamak,<br \/>\n2)\u00dcniversite ad\u0131na sunulan proje ba\u015fvurular\u0131n\u0131n \u00f6n de\u011ferlendirmesini, idari kontrol\u00fcn\u00fc yapmak, usul\u00fcne uygun olarak haz\u0131rlanmayan proje ba\u015fvurular\u0131n\u0131n d\u00fczeltilmesini sa\u011flamak,<br \/>\n3)Proje y\u00f6netimi s\u00fcre\u00e7lerini izlemek, denetimlerde ihtiya\u00e7 duyulacak olan her t\u00fcrl\u00fc s\u00f6zle\u015fme, harcama belgesi, ara ve final raporlar\u0131, proje \u00e7\u0131kt\u0131lar\u0131 ve benzeri belgelerin proje y\u00fcr\u00fct\u00fcc\u00fclerince muhafaza edilmesini sa\u011flamak,<br \/>\n4)Gerekli hallerde ulusal ve uluslararas\u0131 proje ve programlar\u0131n teknik destek ihalelerine ba\u015fvurmak, ihale dosyalar\u0131n\u0131 haz\u0131rlamak,<br \/>\n5)B\u00f6lgesel, ulusal ve uluslararas\u0131 d\u00fczeyde geli\u015fime katk\u0131da bulunacak fikirleri projelendirecek personeli desteklemek, bu projelerin uygulanabilmesi ve s\u00fcreklili\u011finin sa\u011flanabilmesi amac\u0131yla yurt i\u00e7i ve yurt d\u0131\u015f\u0131 kurumlarla i\u015fbirli\u011fi i\u00e7inde olmak ve fon temin edilmesi konusunda \u00e7al\u0131\u015fmalarda bulunmak,<br \/>\n6)Yurt i\u00e7i ve yurt d\u0131\u015f\u0131ndan \u00dcniversiteye talepte bulunan kurum ve kurulu\u015flara, imzalanacak olan bir protokol d\u00e2hilinde proje haz\u0131rlama, uygulama ve de\u011ferlendirme s\u00fcre\u00e7leri konusunda kurumsal dan\u0131\u015fmanl\u0131k hizmetleri sunmak,<br \/>\n7)\u00dcniversite-sanayi i\u015fbirli\u011fini g\u00fc\u00e7lendirmek ve uygulanabilir sonu\u00e7lar\u0131n sanayiye aktar\u0131m\u0131n\u0131 h\u0131zland\u0131rmak,<br \/>\n8)Patent, lisans anla\u015fmalar\u0131, teknoloji transferi gibi konularda dan\u0131\u015fmanl\u0131k birimleri olu\u015fturmak.<br \/>\n<strong>b)E\u011fitim ve bilimsel toplant\u0131 kapsam\u0131nda y\u00fcr\u00fct\u00fclecek olan faaliyetler;<\/strong><br \/>\n1)\u00dcniversite \u00f6\u011fretim elemanlar\u0131 ve \u00f6\u011frencileri ba\u015fta olmak \u00fczere, talep halinde kamu kurum ve kurulu\u015flar\u0131, sivil toplum \u00f6rg\u00fctleri ve \u00f6zel kurulu\u015flar\u0131n proje haz\u0131rlama, uygulama ve de\u011ferlendirme kapasitelerini art\u0131rmak amac\u0131yla proje d\u00f6ng\u00fcs\u00fc y\u00f6netimi alan\u0131nda e\u011fitim faaliyetlerinde bulunmak,<br \/>\n2)Merkezin \u00e7al\u0131\u015fma alan\u0131na giren konulara y\u00f6nelik ulusal ve uluslararas\u0131 etkinliklerde \u00dcniversitenin temsil edilmesini sa\u011flamak,<br \/>\n3)Merkezin \u00e7al\u0131\u015fma alan\u0131na giren konularla ilgili olarak panel, konferans, \u00e7al\u0131\u015ftay, seminer, sempozyum, tan\u0131t\u0131m etkinlikleri, kongre, proje pazar\u0131 gibi bilimsel toplant\u0131lar d\u00fczenlemek ve bu ama\u00e7la konuyla ilgili proje uzmanlar\u0131n\u0131, proje finansman kurulu\u015flar\u0131n\u0131n teknik temsilcilerini ve akademisyenleri bu \u00e7al\u0131\u015fmalara davet etmek,<br \/>\n4)Merkez ile \u00dcniversitenin di\u011fer birimleri aras\u0131nda i\u015fbirli\u011fi kurmak ve ortak \u00e7al\u0131\u015fmalar yapmak,<br \/>\n5)Merkezin \u00e7al\u0131\u015fmalar\u0131 ve \u00dcniversitenin d\u00e2hil oldu\u011fu projelerle ilgili rapor, tan\u0131t\u0131c\u0131 bro\u015f\u00fcr, katalog, tan\u0131t\u0131m filmi ve benzeri dok\u00fcmanlar haz\u0131rlamak, ara\u015ft\u0131rma ve uygulama sonu\u00e7lar\u0131n\u0131 yay\u0131nlamak ve ilgili kesimlere da\u011f\u0131t\u0131m\u0131n\u0131 sa\u011flamak.<br \/>\n<strong>c)Merkezin di\u011fer faaliyetleri \u015funlard\u0131r;<\/strong><br \/>\n1)Merkezin faaliyet alanlar\u0131yla ilgili y\u0131ll\u0131k istatistik tutmak,<br \/>\n2)\u00dcniversitenin yer ald\u0131\u011f\u0131 projelerle ilgili bilgilere ili\u015fkin veri taban\u0131 olu\u015fturmak, bu bilgileri ve proje \u00e7\u0131kt\u0131lar\u0131n\u0131 Merkezin internet sayfas\u0131nda yay\u0131nlamak,<br \/>\n3)\u00dcniversite mensuplar\u0131 ve di\u011fer kamu, \u00f6zel sekt\u00f6r ve sivil toplum kurulu\u015flar\u0131nda g\u00f6rev yapan personelin ilgi ve uzmanl\u0131k alanlar\u0131na giren projelerde g\u00f6rev almalar\u0131 i\u00e7in teklif ve \u00f6nerilerde bulunmak,<br \/>\n4)\u0130\u00e7 ve d\u0131\u015f kaynakl\u0131 proje teklif \u00e7a\u011fr\u0131lar\u0131n\u0131 ilgili kesimlere duyurmak,<br \/>\n5)Hedef kitlesi geni\u015f projelere kamuoyu ilgisini ve deste\u011fini art\u0131rmak, bas\u0131n\u0131 ve ilgili kesimleri bilgilendirmek amac\u0131yla faaliyetlerde bulunmak,<br \/>\n6)Merkezin \u00e7al\u0131\u015fma alan\u0131na giren konularda ulusal ve uluslararas\u0131 d\u00fczeyde \u00e7e\u015fitli sosyal etkinlikler d\u00fczenlemek ve \u00f6d\u00fcller vermek amac\u0131yla Rekt\u00f6rl\u00fc\u011fe teklifte bulunmak.<\/p>\n<p><strong>\u00dc\u00c7\u00dcNC\u00dc B\u00d6L\u00dcM<br \/>\nMerkezin Y\u00f6netim Organlar\u0131 ve G\u00f6revleri<br \/>\nMerkezin y\u00f6netim organlar\u0131<\/strong><br \/>\nMADDE 7 \u2212 (1) Merkezin y\u00f6netim organlar\u0131 \u015funlard\u0131r:<br \/>\na)M\u00fcd\u00fcr,<br \/>\nb)M\u00fcd\u00fcr yard\u0131mc\u0131s\u0131,<br \/>\nc)Y\u00f6netim Kurulu,<br \/>\n\u00e7) Dan\u0131\u015fma Kurulu,<br \/>\nd)Komisyonlar.<\/p>\n<p><strong>M\u00fcd\u00fcr<\/strong><br \/>\nMADDE 8 \u2013 (1) M\u00fcd\u00fcr; Merkezin faaliyet alan\u0131na giren konularda ara\u015ft\u0131rma ve yay\u0131n \u00e7al\u0131\u015fmalar\u0131nda bulunmu\u015f, yurt i\u00e7i ve yurt d\u0131\u015f\u0131 proje deneyimine sahip \u00dcniversitenin kadrolu \u00f6\u011fretim \u00fcyeleri aras\u0131ndan \u00fc\u00e7 y\u0131ll\u0131k s\u00fcre i\u00e7in Rekt\u00f6r taraf\u0131ndan g\u00f6revlendirilir. S\u00fcresi biten M\u00fcd\u00fcr tekrar g\u00f6revlendirilebilir. Rekt\u00f6r gerekli g\u00f6rd\u00fc\u011f\u00fc hallerde M\u00fcd\u00fcr\u00fc s\u00fcresinden \u00f6nce g\u00f6revden alabilir. M\u00fcd\u00fcr\u00fcn, kesintisiz alt\u0131 aydan fazla g\u00f6revi ba\u015f\u0131nda bulunamamas\u0131 durumunda yeni bir M\u00fcd\u00fcr g\u00f6revlendirilir.<br \/>\n(2)M\u00fcd\u00fcr, Merkezin \u00e7al\u0131\u015fma kapasitesinin rasyonel bir \u015fekilde kullan\u0131lmas\u0131ndan, \u00e7al\u0131\u015fmalar\u0131n d\u00fczenli bir \u015fekilde y\u00fcr\u00fct\u00fclmesinden, faaliyetlerin g\u00f6zetimi ve denetiminden Rekt\u00f6re kar\u015f\u0131 sorumludur.<\/p>\n<p><strong>M\u00fcd\u00fcr\u00fcn g\u00f6revleri<\/strong><br \/>\nMADDE 9 \u2212 (1) M\u00fcd\u00fcr\u00fcn g\u00f6revleri \u015funlard\u0131r:<br \/>\na)Merkezi temsil etmek ve Y\u00f6netim Kuruluna ba\u015fkanl\u0131k etmek,<br \/>\nb)Y\u00f6netim Kurulu kararlar\u0131n\u0131 bu Y\u00f6netmelik \u00e7er\u00e7evesinde uygulamak,<br \/>\nc)Merkezin idari ve mali i\u015flerini y\u00fcr\u00fctmek, gerekli koordinasyon ve denetimi sa\u011flamak, yaz\u0131\u015fmalar\u0131 yapmak ve yapt\u0131rmak, \u00e7) Y\u00f6netim Kurulunca onaylanan y\u0131ll\u0131k b\u00fct\u00e7e ve y\u0131ll\u0131k faaliyet raporunu Rekt\u00f6re sunmak,<br \/>\nd)Y\u00f6netim Kurulunca haz\u0131rlanan bir sonraki y\u0131la ait y\u0131ll\u0131k \u00e7al\u0131\u015fma program\u0131n\u0131 Rekt\u00f6r\u00fcn onay\u0131na sunmak,<br \/>\ne)Merkez b\u00fcnyesinde olu\u015fturulacak \u00e7al\u0131\u015fma birimlerinde g\u00f6revlendirilmek \u00fczere personel se\u00e7imini yapmak ve Rekt\u00f6r\u00fcn onay\u0131na sunmak,<br \/>\nf)Ulusal ve uluslararas\u0131 kurumlar taraf\u0131ndan finanse edilen \u00dcniversite d\u0131\u015f\u0131 kaynakl\u0131 projelerin y\u00f6netiminin ilgili s\u00f6zle\u015fme taahh\u00fctleri \u00e7er\u00e7evesinde y\u00fcr\u00fct\u00fclmesini sa\u011flamak, proje kaynaklar\u0131n\u0131n etkin takibini yapmak, olas\u0131 de\u011fi\u015fiklikler konusunda zamanl\u0131 ve kapsaml\u0131 bilgi ak\u0131\u015f\u0131n\u0131 temin etmek ve proje raporlar\u0131n\u0131n idari a\u00e7\u0131dan do\u011fru ve zamanl\u0131 olarak \u00fcretilmesini sa\u011flamak,<br \/>\ng)Y\u00f6netim Kurulunun haz\u0131rlad\u0131\u011f\u0131 y\u0131ll\u0131k faaliyet raporu ve bir sonraki y\u0131la ait y\u0131ll\u0131k \u00e7al\u0131\u015fma program\u0131n\u0131 haz\u0131rlamak ve Rekt\u00f6r\u00fcn onay\u0131na sunmak, \u011f) Merkeze yap\u0131lan proje ba\u015fvurular\u0131n\u0131 de\u011ferlendirmek ve Rekt\u00f6rl\u00fc\u011fe sunmak.<\/p>\n<p><strong>M\u00fcd\u00fcr yard\u0131mc\u0131s\u0131<\/strong><br \/>\nMADDE 10 \u2212(1) Merkezin faaliyet alan\u0131na giren konularda ara\u015ft\u0131rma ve yay\u0131n \u00e7al\u0131\u015fmalar\u0131nda bulunmu\u015f, yurt i\u00e7i ve yurt d\u0131\u015f\u0131 proje deneyimine sahip \u00dcniversitenin (De\u011fi\u015fik ibare:RG-19\/6\/2022-31871) \u00f6\u011fretim elemanlar\u0131 aras\u0131ndan bir ki\u015fi, M\u00fcd\u00fcr\u00fcn teklifi \u00fczerine Rekt\u00f6r taraf\u0131ndan m\u00fcd\u00fcr yard\u0131mc\u0131s\u0131 olarak g\u00f6revlendirilir. M\u00fcd\u00fcr yard\u0131mc\u0131s\u0131n\u0131n g\u00f6rev s\u00fcresi \u00fc\u00e7 y\u0131ld\u0131r. G\u00f6rev s\u00fcresi biten m\u00fcd\u00fcr yard\u0131mc\u0131s\u0131 yeniden g\u00f6revlendirilebilir.<br \/>\n(2)M\u00fcd\u00fcr\u00fcn g\u00f6revi sona erdi\u011finde m\u00fcd\u00fcr yard\u0131mc\u0131s\u0131n\u0131n da g\u00f6revi sona erer.<br \/>\n(3)M\u00fcd\u00fcr Yard\u0131mc\u0131s\u0131; M\u00fcd\u00fcre \u00e7al\u0131\u015fmalar\u0131nda yard\u0131mc\u0131 olur ve yoklu\u011funda yerine vek\u00e2let eder.<\/p>\n<p><strong>Y\u00f6netim kurulu<\/strong><br \/>\nMADDE 11 \u2212 (1) (De\u011fi\u015fik:RG-25\/12\/2017-30281)Y\u00f6netim Kurulu \u00fcyeleri; M\u00fcd\u00fcr, m\u00fcd\u00fcr yard\u0131mc\u0131s\u0131 ile M\u00fcd\u00fcr\u00fcn \u00f6nerisi \u00fczerine, Merkezin faaliyet alan\u0131na giren konularda ara\u015ft\u0131rma ve yay\u0131n \u00e7al\u0131\u015fmalar\u0131nda bulunmu\u015f, yurt i\u00e7i ve yurt d\u0131\u015f\u0131 proje deneyimine sahip \u00dcniversitenin kadrolu \u00f6\u011fretim elemanlar\u0131 aras\u0131ndan Rekt\u00f6r taraf\u0131ndan g\u00f6revlendirilir. Y\u00f6netim Kurulu, 7 \u00fcye ile M\u00fcd\u00fcr ve m\u00fcd\u00fcr yard\u0131mc\u0131s\u0131 olmak \u00fczere toplam 9 \u00fcyeden olu\u015fur.<br \/>\n(2)\u00dcyelerin g\u00f6rev s\u00fcreleri \u00fc\u00e7 y\u0131ld\u0131r. S\u00fcresi biten \u00fcyeler tekrar g\u00f6revlendirilebilir. S\u00fcresi dolmadan ayr\u0131lan ya da bo\u015falan veya kesintisiz alt\u0131 aydan fazla yurt d\u0131\u015f\u0131nda g\u00f6revlendirilen \u00fcyelerin yerine yenileri ayn\u0131 usulle g\u00f6revlendirilirler.<br \/>\n(3)Y\u00f6netim Kurulu; M\u00fcd\u00fcr\u00fcn \u00e7a\u011fr\u0131s\u0131 \u00fczerine ola\u011fan olarak topland\u0131\u011f\u0131 gibi, \u00fcyelerin talepleri do\u011frultusunda ve M\u00fcd\u00fcr\u00fcn \u00e7a\u011f\u0131r\u0131s\u0131 \u00fczerine ola\u011fan\u00fcst\u00fc olarak da toplanabilir. Y\u00f6netim Kurulu toplant\u0131lar\u0131na mazeretsiz olarak \u00fc\u00e7 defa \u00fcst \u00fcste kat\u0131lmayan \u00fcyenin g\u00f6revi sona erer.<br \/>\n(4)Y\u00f6netim Kurulu, salt \u00e7o\u011funlukla toplan\u0131r ve kararlar oy \u00e7oklu\u011fu ile al\u0131n\u0131r. Oylar\u0131n e\u015fitli\u011fi halinde M\u00fcd\u00fcr\u00fcn oyu y\u00f6n\u00fcnde \u00e7o\u011funluk sa\u011flanm\u0131\u015f say\u0131l\u0131r.<\/p>\n<p><strong>Y\u00f6netim kurulunun g\u00f6revleri<\/strong><br \/>\nMADDE 12 \u2212 (1) Y\u00f6netim Kurulunun g\u00f6revleri \u015funlard\u0131r:<br \/>\na)Merkezin genel i\u015fleyi\u015fi, d\u00fczeni ve idari personeli ile ilgili M\u00fcd\u00fcr taraf\u0131ndan yap\u0131lan \u00f6nerileri karara ba\u011flamak,<br \/>\nb)M\u00fcd\u00fcr taraf\u0131ndan haz\u0131rlanan y\u0131ll\u0131k b\u00fct\u00e7e ve faaliyet raporlar\u0131n\u0131 inceleyerek Rekt\u00f6re sunulmak \u00fczere karara ba\u011flamak,<br \/>\nc)Ara\u015ft\u0131rma, e\u011fitim ve di\u011fer etkinlik programlar\u0131, projeler ve Merkez faaliyetlerinin tan\u0131t\u0131m \u00e7al\u0131\u015fmalar\u0131, mali destek ve yay\u0131m konular\u0131na ili\u015fkin esaslar\u0131 belirlemek ve karara ba\u011flamak, Merkez b\u00fcnyesinde y\u00fcr\u00fct\u00fclen dan\u0131\u015fmanl\u0131k, proje ve benzeri hizmet bedellerini belirlemek,<br \/>\n\u00e7) Merkezin gelirlerini art\u0131r\u0131c\u0131 giri\u015fimlerde bulunmak, bu ama\u00e7la gerekli \u00f6nlemleri almak, gelir da\u011f\u0131l\u0131m ve kullan\u0131m \u015fekillerini ilgili mevzuata g\u00f6re belirlemek,<br \/>\nd)Bu Y\u00f6netmelik uyar\u0131nca verilecek \u00f6d\u00fclleri tespit etmek \u00fczere olu\u015fturulacak komisyon \u00fcyelerini belirlemek,<br \/>\ne)Dan\u0131\u015fma Kurulu \u00fcyelerinin se\u00e7imini yapmak,<br \/>\nf)\u00dcniversite d\u0131\u015f\u0131ndaki ulusal ve uluslararas\u0131 kurum ve kurulu\u015flarla i\u015fbirli\u011fi esaslar\u0131n\u0131 belirlemek ve protokol taslaklar\u0131n\u0131 haz\u0131rlamak,<br \/>\ng)Y\u0131ll\u0131k faaliyet de\u011ferlendirmesi yaparak sonraki y\u0131llar i\u00e7in strateji geli\u015ftirmek.<\/p>\n<p><strong>Dan\u0131\u015fma kurulu<\/strong><br \/>\nMADDE 13 \u2212 (1) Dan\u0131\u015fma Kurulu, \u00dcniversitenin akademik personeli ile istekleri halinde kamu, \u00f6zel sekt\u00f6r ve sivil toplum kurulu\u015flar\u0131nda \u00e7al\u0131\u015fan ve Merkezin faaliyet alan\u0131na giren konularda tecr\u00fcbeli ki\u015filer aras\u0131ndan se\u00e7ilir. \u00dcyeler, Y\u00f6netim Kurulunca \u00f6nerilen ve Rekt\u00f6r taraf\u0131ndan \u00fc\u00e7 y\u0131ll\u0131k s\u00fcre i\u00e7in g\u00f6revlendirilen en az be\u015f ve en fazla yirmi \u00fcyeden olu\u015fur. Dan\u0131\u015fma Kurulu \u00fcyelerinin g\u00f6rev s\u00fcresi \u00fc\u00e7 y\u0131ld\u0131r. S\u00fcresi biten \u00fcyeler yeniden ayn\u0131 y\u00f6ntemle se\u00e7ilir ve g\u00f6revlendirilebilir. S\u00fcreleri bitmeden ayr\u0131lan \u00fcyelerin yerine yenileri se\u00e7ilir. Dan\u0131\u015fma Kurulu toplant\u0131lar\u0131na \u00fcst \u00fcste \u00fc\u00e7 defa mazeretsiz kat\u0131lmayanlar\u0131n \u00fcyeli\u011fi d\u00fc\u015fer. Dan\u0131\u015fma Kurulunda yer alan \u00dcniversite akademik personeli \u00fcye say\u0131s\u0131, toplam \u00fcye say\u0131s\u0131n\u0131n yar\u0131s\u0131ndan az olamaz.<br \/>\n(2) Dan\u0131\u015fma Kurulu, M\u00fcd\u00fcr\u00fcn \u00e7a\u011fr\u0131s\u0131 \u00fczerine y\u0131lda en az bir defa salt \u00e7o\u011funlukla toplan\u0131r ve kararlar toplant\u0131ya kat\u0131lanlar\u0131n salt \u00e7o\u011funlu\u011fu ile al\u0131n\u0131r.<\/p>\n<p><strong>Dan\u0131\u015fma kurulunun g\u00f6revleri<\/strong><br \/>\nMADDE 14 \u2212 (1) Dan\u0131\u015fma Kurulunun g\u00f6revleri \u015funlard\u0131r:<br \/>\na)Merkezin y\u0131ll\u0131k \u00e7al\u0131\u015fma program\u0131n\u0131 de\u011ferlendirmek, bir sonraki y\u0131la ait \u00e7al\u0131\u015fmalar ile ilgili \u00f6neriler geli\u015ftirmek ve takip etmek,<br \/>\nb)Merkezin ama\u00e7lar\u0131 do\u011frultusunda \u00e7e\u015fitli proje \u00f6nerilerinde bulunmak ve bu projelerin ger\u00e7ekle\u015ftirilmesine y\u00f6nelik ilgili ki\u015fi ve kurulu\u015flarla<\/p>\n<p>i\u015fbirli\u011finin geli\u015ftirilmesine yard\u0131mc\u0131 olmak,<br \/>\nc)Merkez personelinin e\u011fitim, uygulama, ara\u015ft\u0131rma, hizmet \u00fcretimi ve yay\u0131n konular\u0131ndaki durumlar\u0131n\u0131 de\u011ferlendirip \u00f6nerilerde bulunmak.<\/p>\n<p><strong>Komisyonlar<\/strong><br \/>\nMADDE 15 \u2013 (1) Komisyonlar, Merkezin ama\u00e7lar\u0131 do\u011frultusunda \u00e7al\u0131\u015fmalar yapmak \u00fczere gerekli g\u00f6r\u00fclen konularda Y\u00f6netim Kurulu taraf\u0131ndan olu\u015fturulur.<br \/>\n(2) Komisyonlar, yap\u0131lacak \u00e7al\u0131\u015fman\u0131n niteli\u011fine g\u00f6re, \u00dcniversitenin \u00f6\u011fretim elemanlar\u0131, Merkez \u00e7al\u0131\u015fanlar\u0131 ve gerekli durumlarda kurum d\u0131\u015f\u0131ndan konusunda uzman ki\u015filerden olu\u015fturulabilir. Y\u00f6netim Kurulu, her komisyondan bir ki\u015fiyi komisyon sorumlusu olarak g\u00f6revlendirir. Komisyonlar\u0131n g\u00f6rev s\u00fcreleri Y\u00f6netim Kurulu karar\u0131 ile belirlenir. G\u00f6rev s\u00fcresi tamamlanan komisyon, ger\u00e7ekle\u015ftirdi\u011fi faaliyetlerle ilgili bir raporu M\u00fcd\u00fcre sunar.<\/p>\n<p><strong>D\u00d6RD\u00dcNC\u00dc B\u00d6L\u00dcM<\/strong><br \/>\n\u00c7e\u015fitli ve Son H\u00fck\u00fcmler<br \/>\nPersonel ihtiyac\u0131<br \/>\nMADDE 16 \u2212 (1) Merkezin akademik, teknik ve idari personel ihtiyac\u0131; 2547 say\u0131l\u0131 Kanunun 13 \u00fcnc\u00fc maddesi uyar\u0131nca Rekt\u00f6r taraf\u0131ndan g\u00f6revlendirilecek personel taraf\u0131ndan kar\u015f\u0131lan\u0131r.<br \/>\nEkipman ve demirba\u015flar<br \/>\nMADDE 17\u2013 (1) Merkez faaliyetleri ve ara\u015ft\u0131rmalar\u0131 kapsam\u0131nda al\u0131nan her t\u00fcrl\u00fc te\u00e7hizat, donan\u0131m ve demirba\u015flar Rekt\u00f6rl\u00fck onay\u0131yla ilgili birim ayniyat\u0131na kaydedilerek t\u00fcm ara\u015ft\u0131rmac\u0131lar\u0131n faydalanmas\u0131 sa\u011flan\u0131r.<br \/>\nY\u00f6netmelikte h\u00fck\u00fcm bulunmayan haller<br \/>\nMADDE 18 \u2013 (1) Bu Y\u00f6netmelikte h\u00fck\u00fcm bulunmayan hallerde, ilgili di\u011fer mevzuat h\u00fck\u00fcmleri uygulan\u0131r.<br \/>\nY\u00fcr\u00fcrl\u00fck<br \/>\nMADDE 19 \u2212 (1) Bu Y\u00f6netmelik yay\u0131m\u0131 tarihinde y\u00fcr\u00fcrl\u00fc\u011fe girer.<br \/>\nY\u00fcr\u00fctme<br \/>\nMADDE 20 \u2212 (1) Bu Y\u00f6netmelik h\u00fck\u00fcmlerini (De\u011fi\u015fik ibare:RG-19\/6\/2022-31871) Sivas Cumhuriyet \u00dcniversitesi Rekt\u00f6r\u00fc y\u00fcr\u00fct\u00fcr.<\/p>\n","protected":false},"excerpt":{"rendered":"<p>S\u0130VAS CUMHUR\u0130YET \u00dcN\u0130VERS\u0130TES\u0130 PROJE KOORD\u0130NASYON UYGULAMA VE ARA\u015eTIRMA MERKEZ\u0130 Y\u00d6NETMEL\u0130\u011e\u0130 B\u0130R\u0130NC\u0130 B\u00d6L\u00dcM Ama\u00e7, Kapsam, Dayanak ve Tan\u0131mlar Ama\u00e7 MADDE 1 \u2013 (De\u011fi\u015fik:RG-19\/6\/2022-31871) (1) Bu Y\u00f6netmeli\u011fin amac\u0131; Sivas Cumhuriyet \u00dcniversitesi Proje Koordinasyon Uygulama ve Ara\u015ft\u0131rma Merkezinin ama\u00e7lar\u0131na, faaliyet alanlar\u0131na, y\u00f6netim organlar\u0131na, y\u00f6netim organlar\u0131n\u0131n g\u00f6revlerine ve \u00e7al\u0131\u015fma \u015fekline ili\u015fkin usul ve esaslar\u0131 d\u00fczenlemektir. Kapsam MADDE 2 \u2013 [&hellip;]<\/p>\n","protected":false},"author":1,"featured_media":0,"parent":0,"menu_order":0,"comment_status":"closed","ping_status":"closed","template":"template-fullwidth.php","meta":{"footnotes":""},"class_list":["post-100","page","type-page","status-publish","hentry"],"_links":{"self":[{"href":"https:\/\/pdo.cumhuriyet.edu.tr\/index.php?rest_route=\/wp\/v2\/pages\/100","targetHints":{"allow":["GET"]}}],"collection":[{"href":"https:\/\/pdo.cumhuriyet.edu.tr\/index.php?rest_route=\/wp\/v2\/pages"}],"about":[{"href":"https:\/\/pdo.cumhuriyet.edu.tr\/index.php?rest_route=\/wp\/v2\/types\/page"}],"author":[{"embeddable":true,"href":"https:\/\/pdo.cumhuriyet.edu.tr\/index.php?rest_route=\/wp\/v2\/users\/1"}],"replies":[{"embeddable":true,"href":"https:\/\/pdo.cumhuriyet.edu.tr\/index.php?rest_route=%2Fwp%2Fv2%2Fcomments&post=100"}],"version-history":[{"count":5,"href":"https:\/\/pdo.cumhuriyet.edu.tr\/index.php?rest_route=\/wp\/v2\/pages\/100\/revisions"}],"predecessor-version":[{"id":2030,"href":"https:\/\/pdo.cumhuriyet.edu.tr\/index.php?rest_route=\/wp\/v2\/pages\/100\/revisions\/2030"}],"wp:attachment":[{"href":"https:\/\/pdo.cumhuriyet.edu.tr\/index.php?rest_route=%2Fwp%2Fv2%2Fmedia&parent=100"}],"curies":[{"name":"wp","href":"https:\/\/api.w.org\/{rel}","templated":true}]}}